{"id":39,"date":"2024-06-24T16:28:33","date_gmt":"2024-06-24T14:28:33","guid":{"rendered":"http:\/\/ac-villemoisson.fr\/?page_id=39"},"modified":"2025-04-17T21:18:31","modified_gmt":"2025-04-17T19:18:31","slug":"accueil-acv91-cyclotourisme-essonne-villemoisson-cyclisme-velo-route-acv91","status":"publish","type":"page","link":"https:\/\/ac-villemoisson.fr\/","title":{"rendered":"Accueil"},"content":{"rendered":"\n<p><\/p>\n\n\n\n<div class=\"wp-block-uagb-container uagb-block-8ef73cc2 alignfull uagb-is-root-container\"><div class=\"uagb-container-inner-blocks-wrap\">\n<div class=\"wp-block-uagb-container uagb-block-9542201b\">\n<p class=\"has-large-font-size\"><br><br>Bienvenue sur le site de l&rsquo;amicale cycliste de Villemoisson, club de cyclotourisme sur route.<\/p>\n\n\n\n<p class=\"has-large-font-size\">Nos prochaines sorties. Voir en dessous<\/p>\n<\/div>\n\n\n\n<div class=\"wp-block-uagb-image uagb-block-971dbc51 wp-block-uagb-image--layout-default wp-block-uagb-image--effect-static wp-block-uagb-image--align-none\"><figure class=\"wp-block-uagb-image__figure\"><img decoding=\"async\" srcset=\"https:\/\/ac-villemoisson.fr\/wp-content\/uploads\/2024\/11\/Sortie-2024-11-03-2-1024x462.jpg ,https:\/\/ac-villemoisson.fr\/wp-content\/uploads\/2024\/11\/Sortie-2024-11-03-2.jpg 780w, https:\/\/ac-villemoisson.fr\/wp-content\/uploads\/2024\/11\/Sortie-2024-11-03-2.jpg 360w\" sizes=\"auto, (max-width: 480px) 150px\" src=\"https:\/\/ac-villemoisson.fr\/wp-content\/uploads\/2024\/11\/Sortie-2024-11-03-2-1024x462.jpg\" alt=\"\" class=\"uag-image-942\" width=\"741\" height=\"522\" title=\"Sortie 2024 11 03-2\" loading=\"lazy\" role=\"img\"\/><\/figure><\/div>\n<\/div><\/div>\n\n\n\n<div class=\"wp-block-uagb-container uagb-block-4e5b41fa alignfull uagb-is-root-container\"><div class=\"uagb-container-inner-blocks-wrap\">\n\t\t\t<div class=\"wp-block-uagb-post-grid uagb-post-grid  uagb-post__image-position-top uagb-post__image-enabled uagb-block-194b318e     uagb-post__items uagb-post__columns-3 is-grid uagb-post__columns-tablet-2 uagb-post__columns-mobile-1 uagb-post__equal-height\" data-total=\"34\" style=\"\">\n\n\t\t\t\t\t\t\t\t\t\t\t\t<article class=\"uagb-post__inner-wrap\">\t\t\t\t\t\t\t\t<h4 class=\"uagb-post__title uagb-post__text\">\n\t\t\t\t<a href=\"https:\/\/ac-villemoisson.fr\/index.php\/2026\/05\/04\/sortie-vendredi-8-mai\/\" target=\"_self\" rel=\"bookmark noopener noreferrer\">Sortie Vendredi 8 Mai<\/a>\n\t\t\t<\/h4>\n\t\t\t\t\t\t<div class='uagb-post__text uagb-post-grid-byline'>\n\t\t\t\t\t\t\t\t<time datetime=\"2026-05-04T18:26:05+02:00\" class=\"uagb-post__date\">\n\t\t\t\t<span class=\"dashicons-calendar dashicons\"><\/span>\t\t\t\t\t4 mai 2026\t\t\t\t<\/time>\n\t\t\t\t\t\t\t<span class=\"uagb-post__comment\">\n\t\t\t\t<span class=\"dashicons-admin-comments dashicons\"><\/span>\t\t\t\t\tAucun commentaire\t\t\t\t<\/span>\n\t\t\t\t\t\t<\/div>\n\t\t\t\t\t\t\t<div class='uagb-post__text uagb-post__excerpt'>\n\t\t\t\t\t<p>Voici le parcours pour notre sortie club de VendrediD\u00e9part du Ludion \u00e0 08h00.PARCOURS 42B 90KmsVILLEMOISSONLE&#8230;\t\t\t\t<\/div>\n\t\t\t\t\t\t<div class=\"uagb-post__text uagb-post__cta wp-block-button\">\n\t\t\t\t<a class=\"wp-block-button__link uagb-text-link\" style=\"\" href=\"https:\/\/ac-villemoisson.fr\/index.php\/2026\/05\/04\/sortie-vendredi-8-mai\/\" target=\"_self\" rel=\"bookmark noopener noreferrer\">Lire la suite<\/a>\n\t\t\t<\/div>\n\t\t\t\n\t\t\t\t\t\t\t\t\t<\/article>\n\t\t\t\t\t\t\t\t\t\t\t\t\t\t\t\t<article class=\"uagb-post__inner-wrap\">\t\t\t\t\t\t\t\t<h4 class=\"uagb-post__title uagb-post__text\">\n\t\t\t\t<a href=\"https:\/\/ac-villemoisson.fr\/index.php\/2026\/05\/04\/sortie-mercredi-6-mai\/\" target=\"_self\" rel=\"bookmark noopener noreferrer\">Sortie Mercredi 6 Mai<\/a>\n\t\t\t<\/h4>\n\t\t\t\t\t\t<div class='uagb-post__text uagb-post-grid-byline'>\n\t\t\t\t\t\t\t\t<time datetime=\"2026-05-04T18:23:59+02:00\" class=\"uagb-post__date\">\n\t\t\t\t<span class=\"dashicons-calendar dashicons\"><\/span>\t\t\t\t\t4 mai 2026\t\t\t\t<\/time>\n\t\t\t\t\t\t\t<span class=\"uagb-post__comment\">\n\t\t\t\t<span class=\"dashicons-admin-comments dashicons\"><\/span>\t\t\t\t\tAucun commentaire\t\t\t\t<\/span>\n\t\t\t\t\t\t<\/div>\n\t\t\t\t\t\t\t<div class='uagb-post__text uagb-post__excerpt'>\n\t\t\t\t\t<p>Voici le parcours pour notre sortie club de MercrediD\u00e9part du Ludion \u00e0 08h30.PARCOURS 25M 80&#8230;\t\t\t\t<\/div>\n\t\t\t\t\t\t<div class=\"uagb-post__text uagb-post__cta wp-block-button\">\n\t\t\t\t<a class=\"wp-block-button__link uagb-text-link\" style=\"\" href=\"https:\/\/ac-villemoisson.fr\/index.php\/2026\/05\/04\/sortie-mercredi-6-mai\/\" target=\"_self\" rel=\"bookmark noopener noreferrer\">Lire la suite<\/a>\n\t\t\t<\/div>\n\t\t\t\n\t\t\t\t\t\t\t\t\t<\/article>\n\t\t\t\t\t\t\t\t\t\t\t\t\t\t\t\t<article class=\"uagb-post__inner-wrap\">\t\t\t\t\t\t\t\t<h4 class=\"uagb-post__title uagb-post__text\">\n\t\t\t\t<a href=\"https:\/\/ac-villemoisson.fr\/index.php\/2026\/04\/24\/sortie-dimanche-3-mai\/\" target=\"_self\" rel=\"bookmark noopener noreferrer\">Sortie Dimanche 3 Mai<\/a>\n\t\t\t<\/h4>\n\t\t\t\t\t\t<div class='uagb-post__text uagb-post-grid-byline'>\n\t\t\t\t\t\t\t\t<time datetime=\"2026-04-24T15:29:26+02:00\" class=\"uagb-post__date\">\n\t\t\t\t<span class=\"dashicons-calendar dashicons\"><\/span>\t\t\t\t\t24 avril 2026\t\t\t\t<\/time>\n\t\t\t\t\t\t\t<span class=\"uagb-post__comment\">\n\t\t\t\t<span class=\"dashicons-admin-comments dashicons\"><\/span>\t\t\t\t\tAucun commentaire\t\t\t\t<\/span>\n\t\t\t\t\t\t<\/div>\n\t\t\t\t\t\t\t<div class='uagb-post__text uagb-post__excerpt'>\n\t\t\t\t\t<p>Voici le parcours pour notre sortie club de DimancheD\u00e9part du Ludion \u00e0 08h00.PARCOURS 24BM 80&#8230;\t\t\t\t<\/div>\n\t\t\t\t\t\t<div class=\"uagb-post__text uagb-post__cta wp-block-button\">\n\t\t\t\t<a class=\"wp-block-button__link uagb-text-link\" style=\"\" href=\"https:\/\/ac-villemoisson.fr\/index.php\/2026\/04\/24\/sortie-dimanche-3-mai\/\" target=\"_self\" rel=\"bookmark noopener noreferrer\">Lire la suite<\/a>\n\t\t\t<\/div>\n\t\t\t\n\t\t\t\t\t\t\t\t\t<\/article>\n\t\t\t\t\t\t\t\t\t\t\t\t\t\t\t\t<article class=\"uagb-post__inner-wrap\">\t\t\t\t\t\t\t\t<h4 class=\"uagb-post__title uagb-post__text\">\n\t\t\t\t<a href=\"https:\/\/ac-villemoisson.fr\/index.php\/2026\/04\/24\/sortie-vendredi-1-mai\/\" target=\"_self\" rel=\"bookmark noopener noreferrer\">Sortie Vendredi 1 Mai<\/a>\n\t\t\t<\/h4>\n\t\t\t\t\t\t<div class='uagb-post__text uagb-post-grid-byline'>\n\t\t\t\t\t\t\t\t<time datetime=\"2026-04-24T15:27:55+02:00\" class=\"uagb-post__date\">\n\t\t\t\t<span class=\"dashicons-calendar dashicons\"><\/span>\t\t\t\t\t24 avril 2026\t\t\t\t<\/time>\n\t\t\t\t\t\t\t<span class=\"uagb-post__comment\">\n\t\t\t\t<span class=\"dashicons-admin-comments dashicons\"><\/span>\t\t\t\t\tAucun commentaire\t\t\t\t<\/span>\n\t\t\t\t\t\t<\/div>\n\t\t\t\t\t\t\t<div class='uagb-post__text uagb-post__excerpt'>\n\t\t\t\t\t<p>Voici le parcours pour notre sortie club de VendrediD\u00e9part du Ludion \u00e0 08h00.PARCOURS 35B 83&#8230;\t\t\t\t<\/div>\n\t\t\t\t\t\t<div class=\"uagb-post__text uagb-post__cta wp-block-button\">\n\t\t\t\t<a class=\"wp-block-button__link uagb-text-link\" style=\"\" href=\"https:\/\/ac-villemoisson.fr\/index.php\/2026\/04\/24\/sortie-vendredi-1-mai\/\" target=\"_self\" rel=\"bookmark noopener noreferrer\">Lire la suite<\/a>\n\t\t\t<\/div>\n\t\t\t\n\t\t\t\t\t\t\t\t\t<\/article>\n\t\t\t\t\t\t\t\t\t\t\t\t\t\t\t\t<article class=\"uagb-post__inner-wrap\">\t\t\t\t\t\t\t\t<h4 class=\"uagb-post__title uagb-post__text\">\n\t\t\t\t<a href=\"https:\/\/ac-villemoisson.fr\/index.php\/2026\/04\/24\/sortie-mercredi-29-avril\/\" target=\"_self\" rel=\"bookmark noopener noreferrer\">Sortie Mercredi 29 Avril<\/a>\n\t\t\t<\/h4>\n\t\t\t\t\t\t<div class='uagb-post__text uagb-post-grid-byline'>\n\t\t\t\t\t\t\t\t<time datetime=\"2026-04-24T15:25:35+02:00\" class=\"uagb-post__date\">\n\t\t\t\t<span class=\"dashicons-calendar dashicons\"><\/span>\t\t\t\t\t24 avril 2026\t\t\t\t<\/time>\n\t\t\t\t\t\t\t<span class=\"uagb-post__comment\">\n\t\t\t\t<span class=\"dashicons-admin-comments dashicons\"><\/span>\t\t\t\t\tAucun commentaire\t\t\t\t<\/span>\n\t\t\t\t\t\t<\/div>\n\t\t\t\t\t\t\t<div class='uagb-post__text uagb-post__excerpt'>\n\t\t\t\t\t<p>Voici le parcours pour notre sortie club de MercrediD\u00e9part du Ludion \u00e0 08h30.PARCOURS 13 M&#8230;\t\t\t\t<\/div>\n\t\t\t\t\t\t<div class=\"uagb-post__text uagb-post__cta wp-block-button\">\n\t\t\t\t<a class=\"wp-block-button__link uagb-text-link\" style=\"\" href=\"https:\/\/ac-villemoisson.fr\/index.php\/2026\/04\/24\/sortie-mercredi-29-avril\/\" target=\"_self\" rel=\"bookmark noopener noreferrer\">Lire la suite<\/a>\n\t\t\t<\/div>\n\t\t\t\n\t\t\t\t\t\t\t\t\t<\/article>\n\t\t\t\t\t\t\t\t\t\t\t\t\t\t\t\t<article class=\"uagb-post__inner-wrap\">\t\t\t\t\t\t\t\t<h4 class=\"uagb-post__title uagb-post__text\">\n\t\t\t\t<a href=\"https:\/\/ac-villemoisson.fr\/index.php\/2026\/04\/24\/sortie-dimanche-26-avril\/\" target=\"_self\" rel=\"bookmark noopener noreferrer\">Sortie Dimanche 26 Avril<\/a>\n\t\t\t<\/h4>\n\t\t\t\t\t\t<div class='uagb-post__text uagb-post-grid-byline'>\n\t\t\t\t\t\t\t\t<time datetime=\"2026-04-24T15:22:30+02:00\" class=\"uagb-post__date\">\n\t\t\t\t<span class=\"dashicons-calendar dashicons\"><\/span>\t\t\t\t\t24 avril 2026\t\t\t\t<\/time>\n\t\t\t\t\t\t\t<span class=\"uagb-post__comment\">\n\t\t\t\t<span class=\"dashicons-admin-comments dashicons\"><\/span>\t\t\t\t\tAucun commentaire\t\t\t\t<\/span>\n\t\t\t\t\t\t<\/div>\n\t\t\t\t\t\t\t<div class='uagb-post__text uagb-post__excerpt'>\n\t\t\t\t\t<p>Voici le parcours pour notre sortie club de DimancheD\u00e9part du Ludion \u00e0 08h00.PARCOURS 33B 80&#8230;\t\t\t\t<\/div>\n\t\t\t\t\t\t<div class=\"uagb-post__text uagb-post__cta wp-block-button\">\n\t\t\t\t<a class=\"wp-block-button__link uagb-text-link\" style=\"\" href=\"https:\/\/ac-villemoisson.fr\/index.php\/2026\/04\/24\/sortie-dimanche-26-avril\/\" target=\"_self\" rel=\"bookmark noopener noreferrer\">Lire la suite<\/a>\n\t\t\t<\/div>\n\t\t\t\n\t\t\t\t\t\t\t\t\t<\/article>\n\t\t\t\t\t\t\t\t\t\t\t<\/div>\n\t\t\t<\/div><\/div>\n\n\n\n<div class=\"wp-block-uagb-container uagb-block-e07d2a84 alignfull uagb-is-root-container\"><div class=\"uagb-container-inner-blocks-wrap\">\n<p class=\"has-text-align-center has-ast-global-color-5-color has-text-color has-link-color has-large-font-size wp-elements-ad2b91cb6b7e277ddb0ded03449662ce\"><strong>Une question ? Une information ?<\/strong><br>N&rsquo;h\u00e9sitez pas <strong> <\/strong><\/p>\n\n\n\n<div class=\"wp-block-columns is-layout-flex wp-container-core-columns-is-layout-28f84493 wp-block-columns-is-layout-flex\">\n<div class=\"wp-block-column is-layout-flow wp-block-column-is-layout-flow\">\n<div class=\"wp-block-buttons is-content-justification-center is-layout-flex wp-container-core-buttons-is-layout-a89b3969 wp-block-buttons-is-layout-flex\">\n<div class=\"wp-block-button\"><a class=\"wp-block-button__link wp-element-button\" href=\"https:\/\/ac-villemoisson.fr\/index.php\/132-2-2-2\/\" target=\"_blank\" rel=\"noreferrer noopener\">Contact<\/a><\/div>\n<\/div>\n<\/div>\n<\/div>\n<\/div><\/div>\n\n\n\n<p><\/p>\n\n\n\n<p>Bienvenue \u00e0 l&rsquo;<strong>Amicale Cyclo de Villemoisson-sur-Orge (ACV91) <\/strong>, l\u2019association sportive d\u00e9di\u00e9e aux passionn\u00e9s de cyclotourisme de tous \u00e2ges et de tous niveaux ! Notre mission est de promouvoir la pratique du v\u00e9lo de loisir \u00e0 travers des sorties conviviales et accessibles \u00e0 tous. Que vous soyez un cycliste d\u00e9butant ou exp\u00e9riment\u00e9, nous proposons des parcours vari\u00e9s, allant des balades tranquilles en pleine nature aux circuits plus sportifs. Nos sorties se d\u00e9roulent dans une ambiance amicale, favorisant l\u2019entraide et le partage d\u2019exp\u00e9riences. En rejoignant l\u2019ACV91, vous aurez l\u2019occasion de d\u00e9couvrir de magnifiques paysages dans l\u2019Essonne, les Yvelines et la Seine et Marne, de participer \u00e0 des \u00e9v\u00e9nements cyclistes (rallyes d\u00e9partementaux, r\u00e9gionaux ou nationaux) et de b\u00e9n\u00e9ficier des conseils avis\u00e9s de nos membres exp\u00e9riment\u00e9s. Venez p\u00e9daler avec nous et partager la passion du cyclotourisme !<\/p>\n\n\n\n<p>Contactez nous, nous vous proposerons de faire un essai &#8230;<\/p>\n\n\n\n<div class=\"wp-block-buttons is-layout-flex wp-block-buttons-is-layout-flex\"><\/div>\n\n\n\n<div class=\"wp-block-uagb-container uagb-block-ab31b9c2 alignfull uagb-is-root-container\"><div class=\"uagb-container-inner-blocks-wrap\">\n<div class=\"wp-block-uagb-container uagb-block-676ee1e5\">\n<div class=\"wp-block-buttons is-layout-flex wp-block-buttons-is-layout-flex\">\n<div class=\"wp-block-button\"><a class=\"wp-block-button__link wp-element-button\" href=\"https:\/\/ffvelo.fr\/\" target=\"_blank\" rel=\"noreferrer noopener\">Site de la FFv\u00e9lo<\/a><\/div>\n<\/div>\n<\/div>\n\n\n\n<div class=\"wp-block-uagb-container uagb-block-48109430\">\n<div class=\"wp-block-buttons is-layout-flex wp-block-buttons-is-layout-flex\">\n<div class=\"wp-block-button\"><a class=\"wp-block-button__link wp-element-button\" href=\"https:\/\/essonne.ffvelo.fr\/\" target=\"_blank\" rel=\"noreferrer noopener\">Comit\u00e9 Essonne<\/a><\/div>\n<\/div>\n<\/div>\n\n\n\n<div class=\"wp-block-buttons is-layout-flex wp-block-buttons-is-layout-flex\">\n<div class=\"wp-block-button\"><a class=\"wp-block-button__link wp-element-button\" href=\"https:\/\/www.villemoisson.fr\/\" target=\"_blank\" rel=\"noreferrer noopener\">Mairie Villemoisson<\/a><\/div>\n<\/div>\n<\/div><\/div>\n\n\n\n<p><\/p>\n","protected":false},"excerpt":{"rendered":"<p>Bienvenue sur le site de l&rsquo;amicale cycliste de Villemoisson, club de cyclotourisme sur route. Nos prochaines sorties. Voir en dessous Une question ? Une information ?N&rsquo;h\u00e9sitez pas Bienvenue \u00e0 l&rsquo;Amicale [&hellip;]<\/p>\n","protected":false},"author":1,"featured_media":0,"parent":0,"menu_order":0,"comment_status":"closed","ping_status":"closed","template":"","meta":{"_uag_custom_page_level_css":"","site-sidebar-layout":"default","site-content-layout":"","ast-site-content-layout":"","site-content-style":"default","site-sidebar-style":"default","ast-global-header-display":"","ast-banner-title-visibility":"","ast-main-header-display":"","ast-hfb-above-header-display":"","ast-hfb-below-header-display":"","ast-hfb-mobile-header-display":"","site-post-title":"disabled","ast-breadcrumbs-content":"","ast-featured-img":"","footer-sml-layout":"","theme-transparent-header-meta":"","adv-header-id-meta":"","stick-header-meta":"","header-above-stick-meta":"","header-main-stick-meta":"","header-below-stick-meta":"","astra-migrate-meta-layouts":"default","ast-page-background-enabled":"default","ast-page-background-meta":{"desktop":{"background-color":"var(--ast-global-color-4)","background-image":"","background-repeat":"repeat","background-position":"center center","background-size":"auto","background-attachment":"scroll","background-type":"","background-media":"","overlay-type":"","overlay-color":"","overlay-opacity":"","overlay-gradient":""},"tablet":{"background-color":"","background-image":"","background-repeat":"repeat","background-position":"center center","background-size":"auto","background-attachment":"scroll","background-type":"","background-media":"","overlay-type":"","overlay-color":"","overlay-opacity":"","overlay-gradient":""},"mobile":{"background-color":"","background-image":"","background-repeat":"repeat","background-position":"center center","background-size":"auto","background-attachment":"scroll","background-type":"","background-media":"","overlay-type":"","overlay-color":"","overlay-opacity":"","overlay-gradient":""}},"ast-content-background-meta":{"desktop":{"background-color":"var(--ast-global-color-5)","background-image":"","background-repeat":"repeat","background-position":"center center","background-size":"auto","background-attachment":"scroll","background-type":"","background-media":"","overlay-type":"","overlay-color":"","overlay-opacity":"","overlay-gradient":""},"tablet":{"background-color":"var(--ast-global-color-5)","background-image":"","background-repeat":"repeat","background-position":"center center","background-size":"auto","background-attachment":"scroll","background-type":"","background-media":"","overlay-type":"","overlay-color":"","overlay-opacity":"","overlay-gradient":""},"mobile":{"background-color":"var(--ast-global-color-5)","background-image":"","background-repeat":"repeat","background-position":"center center","background-size":"auto","background-attachment":"scroll","background-type":"","background-media":"","overlay-type":"","overlay-color":"","overlay-opacity":"","overlay-gradient":""}},"footnotes":""},"class_list":["post-39","page","type-page","status-publish","hentry"],"yoast_head":"<!-- This site is optimized with the Yoast SEO plugin v27.3 - https:\/\/yoast.com\/product\/yoast-seo-wordpress\/ -->\n<title>Accueil - AC Villemoisson cyclotourisme cyclisme Essonne Villemoisson<\/title>\n<meta name=\"description\" content=\"cyclotourisme Essonne Villemoisson cyclisme v\u00e9lo route ACV91 profitez du v\u00e9lo en Essonne Seine et Marne et Yvelines\" \/>\n<meta name=\"robots\" content=\"index, follow, max-snippet:-1, max-image-preview:large, max-video-preview:-1\" \/>\n<link rel=\"canonical\" href=\"https:\/\/ac-villemoisson.fr\/\" \/>\n<meta property=\"og:locale\" content=\"fr_FR\" \/>\n<meta property=\"og:type\" content=\"article\" \/>\n<meta property=\"og:title\" content=\"Accueil - AC Villemoisson cyclotourisme cyclisme Essonne Villemoisson\" \/>\n<meta property=\"og:description\" content=\"cyclotourisme Essonne Villemoisson cyclisme v\u00e9lo route ACV91 profitez du v\u00e9lo en Essonne Seine et Marne et Yvelines\" \/>\n<meta property=\"og:url\" content=\"https:\/\/ac-villemoisson.fr\/\" \/>\n<meta property=\"og:site_name\" content=\"AC Villemoisson\" \/>\n<meta property=\"article:modified_time\" content=\"2025-04-17T19:18:31+00:00\" \/>\n<meta property=\"og:image\" content=\"http:\/\/ac-villemoisson.fr\/wp-content\/uploads\/2024\/11\/Sortie-2024-11-03-2-1024x462.jpg\" \/>\n<meta name=\"twitter:card\" content=\"summary_large_image\" \/>\n<meta name=\"twitter:label1\" content=\"Dur\u00e9e de lecture estim\u00e9e\" \/>\n\t<meta name=\"twitter:data1\" content=\"2 minutes\" \/>\n<script type=\"application\/ld+json\" class=\"yoast-schema-graph\">{\"@context\":\"https:\\\/\\\/schema.org\",\"@graph\":[{\"@type\":\"WebPage\",\"@id\":\"https:\\\/\\\/ac-villemoisson.fr\\\/\",\"url\":\"https:\\\/\\\/ac-villemoisson.fr\\\/\",\"name\":\"Accueil - AC Villemoisson cyclotourisme cyclisme Essonne Villemoisson\",\"isPartOf\":{\"@id\":\"https:\\\/\\\/ac-villemoisson.fr\\\/#website\"},\"primaryImageOfPage\":{\"@id\":\"https:\\\/\\\/ac-villemoisson.fr\\\/#primaryimage\"},\"image\":{\"@id\":\"https:\\\/\\\/ac-villemoisson.fr\\\/#primaryimage\"},\"thumbnailUrl\":\"http:\\\/\\\/ac-villemoisson.fr\\\/wp-content\\\/uploads\\\/2024\\\/11\\\/Sortie-2024-11-03-2-1024x462.jpg\",\"datePublished\":\"2024-06-24T14:28:33+00:00\",\"dateModified\":\"2025-04-17T19:18:31+00:00\",\"description\":\"cyclotourisme Essonne Villemoisson cyclisme v\u00e9lo route ACV91 profitez du v\u00e9lo en Essonne Seine et Marne et Yvelines\",\"breadcrumb\":{\"@id\":\"https:\\\/\\\/ac-villemoisson.fr\\\/#breadcrumb\"},\"inLanguage\":\"fr-FR\",\"potentialAction\":[{\"@type\":\"ReadAction\",\"target\":[\"https:\\\/\\\/ac-villemoisson.fr\\\/\"]}]},{\"@type\":\"ImageObject\",\"inLanguage\":\"fr-FR\",\"@id\":\"https:\\\/\\\/ac-villemoisson.fr\\\/#primaryimage\",\"url\":\"http:\\\/\\\/ac-villemoisson.fr\\\/wp-content\\\/uploads\\\/2024\\\/11\\\/Sortie-2024-11-03-2-1024x462.jpg\",\"contentUrl\":\"http:\\\/\\\/ac-villemoisson.fr\\\/wp-content\\\/uploads\\\/2024\\\/11\\\/Sortie-2024-11-03-2-1024x462.jpg\"},{\"@type\":\"BreadcrumbList\",\"@id\":\"https:\\\/\\\/ac-villemoisson.fr\\\/#breadcrumb\",\"itemListElement\":[{\"@type\":\"ListItem\",\"position\":1,\"name\":\"Accueil\",\"item\":\"https:\\\/\\\/ac-villemoisson.fr\\\/\"},{\"@type\":\"ListItem\",\"position\":2,\"name\":\"Accueil\"}]},{\"@type\":\"WebSite\",\"@id\":\"https:\\\/\\\/ac-villemoisson.fr\\\/#website\",\"url\":\"https:\\\/\\\/ac-villemoisson.fr\\\/\",\"name\":\"AC Villemoisson\",\"description\":\"Le cyclotourisme \u00e0 Villemoisson et dans la r\u00e9gion\",\"publisher\":{\"@id\":\"https:\\\/\\\/ac-villemoisson.fr\\\/#organization\"},\"alternateName\":\"Villemoisson Cyclotourisme\",\"potentialAction\":[{\"@type\":\"SearchAction\",\"target\":{\"@type\":\"EntryPoint\",\"urlTemplate\":\"https:\\\/\\\/ac-villemoisson.fr\\\/?s={search_term_string}\"},\"query-input\":{\"@type\":\"PropertyValueSpecification\",\"valueRequired\":true,\"valueName\":\"search_term_string\"}}],\"inLanguage\":\"fr-FR\"},{\"@type\":\"Organization\",\"@id\":\"https:\\\/\\\/ac-villemoisson.fr\\\/#organization\",\"name\":\"AC Villemoisson\",\"alternateName\":\"Villemoisson Cyclotourisme\",\"url\":\"https:\\\/\\\/ac-villemoisson.fr\\\/\",\"logo\":{\"@type\":\"ImageObject\",\"inLanguage\":\"fr-FR\",\"@id\":\"https:\\\/\\\/ac-villemoisson.fr\\\/#\\\/schema\\\/logo\\\/image\\\/\",\"url\":\"http:\\\/\\\/ac-villemoisson.fr\\\/wp-content\\\/uploads\\\/2024\\\/06\\\/Maillot-1-Villemoisson-1.jpg\",\"contentUrl\":\"http:\\\/\\\/ac-villemoisson.fr\\\/wp-content\\\/uploads\\\/2024\\\/06\\\/Maillot-1-Villemoisson-1.jpg\",\"width\":478,\"height\":436,\"caption\":\"AC Villemoisson\"},\"image\":{\"@id\":\"https:\\\/\\\/ac-villemoisson.fr\\\/#\\\/schema\\\/logo\\\/image\\\/\"}}]}<\/script>\n<!-- \/ Yoast SEO plugin. -->","yoast_head_json":{"title":"Accueil - AC Villemoisson cyclotourisme cyclisme Essonne Villemoisson","description":"cyclotourisme Essonne Villemoisson cyclisme v\u00e9lo route ACV91 profitez du v\u00e9lo en Essonne Seine et Marne et Yvelines","robots":{"index":"index","follow":"follow","max-snippet":"max-snippet:-1","max-image-preview":"max-image-preview:large","max-video-preview":"max-video-preview:-1"},"canonical":"https:\/\/ac-villemoisson.fr\/","og_locale":"fr_FR","og_type":"article","og_title":"Accueil - AC Villemoisson cyclotourisme cyclisme Essonne Villemoisson","og_description":"cyclotourisme Essonne Villemoisson cyclisme v\u00e9lo route ACV91 profitez du v\u00e9lo en Essonne Seine et Marne et Yvelines","og_url":"https:\/\/ac-villemoisson.fr\/","og_site_name":"AC Villemoisson","article_modified_time":"2025-04-17T19:18:31+00:00","og_image":[{"url":"http:\/\/ac-villemoisson.fr\/wp-content\/uploads\/2024\/11\/Sortie-2024-11-03-2-1024x462.jpg","type":"","width":"","height":""}],"twitter_card":"summary_large_image","twitter_misc":{"Dur\u00e9e de lecture estim\u00e9e":"2 minutes"},"schema":{"@context":"https:\/\/schema.org","@graph":[{"@type":"WebPage","@id":"https:\/\/ac-villemoisson.fr\/","url":"https:\/\/ac-villemoisson.fr\/","name":"Accueil - AC Villemoisson cyclotourisme cyclisme Essonne Villemoisson","isPartOf":{"@id":"https:\/\/ac-villemoisson.fr\/#website"},"primaryImageOfPage":{"@id":"https:\/\/ac-villemoisson.fr\/#primaryimage"},"image":{"@id":"https:\/\/ac-villemoisson.fr\/#primaryimage"},"thumbnailUrl":"http:\/\/ac-villemoisson.fr\/wp-content\/uploads\/2024\/11\/Sortie-2024-11-03-2-1024x462.jpg","datePublished":"2024-06-24T14:28:33+00:00","dateModified":"2025-04-17T19:18:31+00:00","description":"cyclotourisme Essonne Villemoisson cyclisme v\u00e9lo route ACV91 profitez du v\u00e9lo en Essonne Seine et Marne et Yvelines","breadcrumb":{"@id":"https:\/\/ac-villemoisson.fr\/#breadcrumb"},"inLanguage":"fr-FR","potentialAction":[{"@type":"ReadAction","target":["https:\/\/ac-villemoisson.fr\/"]}]},{"@type":"ImageObject","inLanguage":"fr-FR","@id":"https:\/\/ac-villemoisson.fr\/#primaryimage","url":"http:\/\/ac-villemoisson.fr\/wp-content\/uploads\/2024\/11\/Sortie-2024-11-03-2-1024x462.jpg","contentUrl":"http:\/\/ac-villemoisson.fr\/wp-content\/uploads\/2024\/11\/Sortie-2024-11-03-2-1024x462.jpg"},{"@type":"BreadcrumbList","@id":"https:\/\/ac-villemoisson.fr\/#breadcrumb","itemListElement":[{"@type":"ListItem","position":1,"name":"Accueil","item":"https:\/\/ac-villemoisson.fr\/"},{"@type":"ListItem","position":2,"name":"Accueil"}]},{"@type":"WebSite","@id":"https:\/\/ac-villemoisson.fr\/#website","url":"https:\/\/ac-villemoisson.fr\/","name":"AC Villemoisson","description":"Le cyclotourisme \u00e0 Villemoisson et dans la r\u00e9gion","publisher":{"@id":"https:\/\/ac-villemoisson.fr\/#organization"},"alternateName":"Villemoisson Cyclotourisme","potentialAction":[{"@type":"SearchAction","target":{"@type":"EntryPoint","urlTemplate":"https:\/\/ac-villemoisson.fr\/?s={search_term_string}"},"query-input":{"@type":"PropertyValueSpecification","valueRequired":true,"valueName":"search_term_string"}}],"inLanguage":"fr-FR"},{"@type":"Organization","@id":"https:\/\/ac-villemoisson.fr\/#organization","name":"AC Villemoisson","alternateName":"Villemoisson Cyclotourisme","url":"https:\/\/ac-villemoisson.fr\/","logo":{"@type":"ImageObject","inLanguage":"fr-FR","@id":"https:\/\/ac-villemoisson.fr\/#\/schema\/logo\/image\/","url":"http:\/\/ac-villemoisson.fr\/wp-content\/uploads\/2024\/06\/Maillot-1-Villemoisson-1.jpg","contentUrl":"http:\/\/ac-villemoisson.fr\/wp-content\/uploads\/2024\/06\/Maillot-1-Villemoisson-1.jpg","width":478,"height":436,"caption":"AC Villemoisson"},"image":{"@id":"https:\/\/ac-villemoisson.fr\/#\/schema\/logo\/image\/"}}]}},"uagb_featured_image_src":{"full":false,"thumbnail":false,"medium":false,"medium_large":false,"large":false,"1536x1536":false,"2048x2048":false},"uagb_author_info":{"display_name":"admin5415","author_link":"https:\/\/ac-villemoisson.fr\/index.php\/author\/admin5415\/"},"uagb_comment_info":0,"uagb_excerpt":"Bienvenue sur le site de l&rsquo;amicale cycliste de Villemoisson, club de cyclotourisme sur route. Nos prochaines sorties. Voir en dessous Une question ? Une information ?N&rsquo;h\u00e9sitez pas Bienvenue \u00e0 l&rsquo;Amicale [&hellip;]","_links":{"self":[{"href":"https:\/\/ac-villemoisson.fr\/index.php\/wp-json\/wp\/v2\/pages\/39","targetHints":{"allow":["GET"]}}],"collection":[{"href":"https:\/\/ac-villemoisson.fr\/index.php\/wp-json\/wp\/v2\/pages"}],"about":[{"href":"https:\/\/ac-villemoisson.fr\/index.php\/wp-json\/wp\/v2\/types\/page"}],"author":[{"embeddable":true,"href":"https:\/\/ac-villemoisson.fr\/index.php\/wp-json\/wp\/v2\/users\/1"}],"replies":[{"embeddable":true,"href":"https:\/\/ac-villemoisson.fr\/index.php\/wp-json\/wp\/v2\/comments?post=39"}],"version-history":[{"count":47,"href":"https:\/\/ac-villemoisson.fr\/index.php\/wp-json\/wp\/v2\/pages\/39\/revisions"}],"predecessor-version":[{"id":1390,"href":"https:\/\/ac-villemoisson.fr\/index.php\/wp-json\/wp\/v2\/pages\/39\/revisions\/1390"}],"wp:attachment":[{"href":"https:\/\/ac-villemoisson.fr\/index.php\/wp-json\/wp\/v2\/media?parent=39"}],"curies":[{"name":"wp","href":"https:\/\/api.w.org\/{rel}","templated":true}]}}