{"id":710,"date":"2024-09-24T18:36:59","date_gmt":"2024-09-24T16:36:59","guid":{"rendered":"https:\/\/ac-villemoisson.fr\/?page_id=710"},"modified":"2024-09-24T21:17:06","modified_gmt":"2024-09-24T19:17:06","slug":"galerie-photo-2021","status":"publish","type":"page","link":"https:\/\/ac-villemoisson.fr\/index.php\/galerie-photo-2021\/","title":{"rendered":"2021"},"content":{"rendered":"\n<p><strong>S\u00e9jour dans le Verdon en mai<\/strong><\/p>\n\n\n\n<div class=\"wp-block-uagb-slider uagb-block-8a76d277 uagb-slider-container\"><div class=\"uagb-slides uagb-swiper\"><div class=\"swiper-wrapper\">\n<div class=\"wp-block-uagb-slider-child uagb-slider-child-wrap swiper-slide uagb-block-77fa71e3\"><div class=\"swiper-content\">\n<div class=\"wp-block-uagb-container uagb-block-36da1e71 alignfull uagb-is-root-container\"><div class=\"uagb-container-inner-blocks-wrap\">\n<div class=\"wp-block-uagb-image uagb-block-eddb52cb wp-block-uagb-image--layout-default wp-block-uagb-image--effect-static wp-block-uagb-image--align-none\"><figure class=\"wp-block-uagb-image__figure\"><img decoding=\"async\" srcset=\"https:\/\/ac-villemoisson.fr\/wp-content\/uploads\/2024\/09\/Col-dEspinouse.jpg ,http:\/\/ac-villemoisson.fr\/wp-content\/uploads\/2024\/09\/Col-dEspinouse.jpg 780w, http:\/\/ac-villemoisson.fr\/wp-content\/uploads\/2024\/09\/Col-dEspinouse.jpg 360w\" sizes=\"auto, (max-width: 480px) 150px\" src=\"https:\/\/ac-villemoisson.fr\/wp-content\/uploads\/2024\/09\/Col-dEspinouse.jpg\" alt=\"\" class=\"uag-image-718\" width=\"1024\" height=\"469\" title=\"Col d'Espinouse\" loading=\"lazy\" role=\"img\"\/><\/figure><\/div>\n<\/div><\/div>\n<\/div><\/div>\n\n\n\n<div class=\"wp-block-uagb-slider-child uagb-slider-child-wrap swiper-slide uagb-block-0fdde844\"><div class=\"swiper-content\">\n<div class=\"wp-block-uagb-container uagb-block-e74bdc6d alignfull uagb-is-root-container\"><div class=\"uagb-container-inner-blocks-wrap\">\n<div class=\"wp-block-uagb-image aligncenter uagb-block-a7d884f3 wp-block-uagb-image--layout-default wp-block-uagb-image--effect-static wp-block-uagb-image--align-center\"><figure class=\"wp-block-uagb-image__figure\"><img decoding=\"async\" srcset=\"https:\/\/ac-villemoisson.fr\/wp-content\/uploads\/2024\/09\/Verdon-rotated.jpg ,https:\/\/ac-villemoisson.fr\/wp-content\/uploads\/2024\/09\/Verdon-rotated.jpg 780w, http:\/\/ac-villemoisson.fr\/wp-content\/uploads\/2024\/09\/Verdon-rotated.jpg 360w\" sizes=\"auto, (max-width: 480px) 150px\" src=\"https:\/\/ac-villemoisson.fr\/wp-content\/uploads\/2024\/09\/Verdon-rotated.jpg\" alt=\"\" class=\"uag-image-716\" width=\"350\" height=\"600\" title=\"Verdon\" loading=\"lazy\" role=\"img\"\/><\/figure><\/div>\n<\/div><\/div>\n<\/div><\/div>\n\n\n\n<div class=\"wp-block-uagb-slider-child uagb-slider-child-wrap swiper-slide uagb-block-d93eb143\"><div class=\"swiper-content\">\n<div class=\"wp-block-uagb-container uagb-block-8a19a59a alignfull uagb-is-root-container\"><div class=\"uagb-container-inner-blocks-wrap\">\n<div class=\"wp-block-uagb-image uagb-block-cc7d9b73 wp-block-uagb-image--layout-default wp-block-uagb-image--effect-static wp-block-uagb-image--align-none\"><figure class=\"wp-block-uagb-image__figure\"><img decoding=\"async\" srcset=\"https:\/\/ac-villemoisson.fr\/wp-content\/uploads\/2024\/09\/Velo-bois-Verdon.jpg ,https:\/\/ac-villemoisson.fr\/wp-content\/uploads\/2024\/09\/Velo-bois-Verdon.jpg 780w, https:\/\/ac-villemoisson.fr\/wp-content\/uploads\/2024\/09\/Velo-bois-Verdon.jpg 360w\" sizes=\"auto, (max-width: 480px) 150px\" src=\"https:\/\/ac-villemoisson.fr\/wp-content\/uploads\/2024\/09\/Velo-bois-Verdon.jpg\" alt=\"\" class=\"uag-image-719\" width=\"1024\" height=\"768\" title=\"V\u00e9lo bois Verdon\" loading=\"lazy\" role=\"img\"\/><\/figure><\/div>\n<\/div><\/div>\n\n\n\n<p> Un participant au s\u00e9jour a fabriqu\u00e9 lui m\u00eame un tr\u00e8s beau v\u00e9lo en bois<\/p>\n\n\n\n<p><\/p>\n<\/div><\/div>\n<\/div><\/div><div class=\"swiper-pagination\"><\/div><div class=\"swiper-button-prev\"><\/div><div class=\"swiper-button-next\"><\/div><\/div>\n\n\n\n<p><strong>S\u00e9jour dans le Lot en aout <\/strong><\/p>\n\n\n\n<div class=\"wp-block-uagb-slider uagb-block-5525c6da uagb-slider-container\"><div class=\"uagb-slides uagb-swiper\"><div class=\"swiper-wrapper\">\n<div class=\"wp-block-uagb-slider-child uagb-slider-child-wrap swiper-slide uagb-block-e1b21ceb\"><div class=\"swiper-content\">\n<div class=\"wp-block-uagb-container uagb-block-1028f904 alignfull uagb-is-root-container\"><div class=\"uagb-container-inner-blocks-wrap\">\n<div class=\"wp-block-uagb-image uagb-block-43bcc4f4 wp-block-uagb-image--layout-default wp-block-uagb-image--effect-static wp-block-uagb-image--align-none\"><figure class=\"wp-block-uagb-image__figure\"><img decoding=\"async\" srcset=\"https:\/\/ac-villemoisson.fr\/wp-content\/uploads\/2024\/09\/Loubressac-Lot-rotated.jpg ,https:\/\/ac-villemoisson.fr\/wp-content\/uploads\/2024\/09\/Loubressac-Lot-rotated.jpg 780w, https:\/\/ac-villemoisson.fr\/wp-content\/uploads\/2024\/09\/Loubressac-Lot-rotated.jpg 360w\" sizes=\"auto, (max-width: 480px) 150px\" src=\"https:\/\/ac-villemoisson.fr\/wp-content\/uploads\/2024\/09\/Loubressac-Lot-rotated.jpg\" alt=\"\" class=\"uag-image-721\" width=\"478\" height=\"1024\" title=\"Loubressac Lot\" loading=\"lazy\" role=\"img\"\/><\/figure><\/div>\n<\/div><\/div>\n<\/div><\/div>\n\n\n\n<div class=\"wp-block-uagb-slider-child uagb-slider-child-wrap swiper-slide uagb-block-02a06675\"><div class=\"swiper-content\">\n<div class=\"wp-block-uagb-container uagb-block-a89d6bfa alignfull uagb-is-root-container\"><div class=\"uagb-container-inner-blocks-wrap\">\n<div class=\"wp-block-uagb-image uagb-block-95fe49a6 wp-block-uagb-image--layout-default wp-block-uagb-image--effect-static wp-block-uagb-image--align-none\"><figure class=\"wp-block-uagb-image__figure\"><img decoding=\"async\" srcset=\"https:\/\/ac-villemoisson.fr\/wp-content\/uploads\/2024\/09\/Bio-Lot-rotated.jpg ,https:\/\/ac-villemoisson.fr\/wp-content\/uploads\/2024\/09\/Bio-Lot-rotated.jpg 780w, https:\/\/ac-villemoisson.fr\/wp-content\/uploads\/2024\/09\/Bio-Lot-rotated.jpg 360w\" sizes=\"auto, (max-width: 480px) 150px\" src=\"https:\/\/ac-villemoisson.fr\/wp-content\/uploads\/2024\/09\/Bio-Lot-rotated.jpg\" alt=\"\" class=\"uag-image-715\" width=\"1024\" height=\"768\" title=\"Bio Lot\" loading=\"lazy\" role=\"img\"\/><\/figure><\/div>\n<\/div><\/div>\n<\/div><\/div>\n<\/div><\/div><div class=\"swiper-pagination\"><\/div><div class=\"swiper-button-prev\"><\/div><div class=\"swiper-button-next\"><\/div><\/div>\n\n\n\n<p><strong>Honfleur en octobre<\/strong><\/p>\n\n\n\n<div class=\"wp-block-uagb-image uagb-block-aab1ec70 wp-block-uagb-image--layout-default wp-block-uagb-image--effect-static wp-block-uagb-image--align-none\"><figure class=\"wp-block-uagb-image__figure\"><img decoding=\"async\" srcset=\"https:\/\/ac-villemoisson.fr\/wp-content\/uploads\/2024\/09\/Honfleur.jpg ,https:\/\/ac-villemoisson.fr\/wp-content\/uploads\/2024\/09\/Honfleur.jpg 780w, https:\/\/ac-villemoisson.fr\/wp-content\/uploads\/2024\/09\/Honfleur.jpg 360w\" sizes=\"auto, (max-width: 480px) 150px\" src=\"https:\/\/ac-villemoisson.fr\/wp-content\/uploads\/2024\/09\/Honfleur.jpg\" alt=\"\" class=\"uag-image-717\" width=\"2048\" height=\"1539\" title=\"Honfleur\" loading=\"lazy\" role=\"img\"\/><\/figure><\/div>\n","protected":false},"excerpt":{"rendered":"<p>S\u00e9jour dans le Verdon en mai S\u00e9jour dans le Lot en aout Honfleur en octobre<\/p>\n","protected":false},"author":1,"featured_media":0,"parent":0,"menu_order":0,"comment_status":"closed","ping_status":"closed","template":"","meta":{"_uag_custom_page_level_css":"","site-sidebar-layout":"default","site-content-layout":"","ast-site-content-layout":"","site-content-style":"default","site-sidebar-style":"default","ast-global-header-display":"","ast-banner-title-visibility":"","ast-main-header-display":"","ast-hfb-above-header-display":"","ast-hfb-below-header-display":"","ast-hfb-mobile-header-display":"","site-post-title":"","ast-breadcrumbs-content":"","ast-featured-img":"","footer-sml-layout":"","theme-transparent-header-meta":"","adv-header-id-meta":"","stick-header-meta":"","header-above-stick-meta":"","header-main-stick-meta":"","header-below-stick-meta":"","astra-migrate-meta-layouts":"default","ast-page-background-enabled":"default","ast-page-background-meta":{"desktop":{"background-color":"var(--ast-global-color-4)","background-image":"","background-repeat":"repeat","background-position":"center center","background-size":"auto","background-attachment":"scroll","background-type":"","background-media":"","overlay-type":"","overlay-color":"","overlay-opacity":"","overlay-gradient":""},"tablet":{"background-color":"","background-image":"","background-repeat":"repeat","background-position":"center center","background-size":"auto","background-attachment":"scroll","background-type":"","background-media":"","overlay-type":"","overlay-color":"","overlay-opacity":"","overlay-gradient":""},"mobile":{"background-color":"","background-image":"","background-repeat":"repeat","background-position":"center center","background-size":"auto","background-attachment":"scroll","background-type":"","background-media":"","overlay-type":"","overlay-color":"","overlay-opacity":"","overlay-gradient":""}},"ast-content-background-meta":{"desktop":{"background-color":"var(--ast-global-color-5)","background-image":"","background-repeat":"repeat","background-position":"center center","background-size":"auto","background-attachment":"scroll","background-type":"","background-media":"","overlay-type":"","overlay-color":"","overlay-opacity":"","overlay-gradient":""},"tablet":{"background-color":"var(--ast-global-color-5)","background-image":"","background-repeat":"repeat","background-position":"center center","background-size":"auto","background-attachment":"scroll","background-type":"","background-media":"","overlay-type":"","overlay-color":"","overlay-opacity":"","overlay-gradient":""},"mobile":{"background-color":"var(--ast-global-color-5)","background-image":"","background-repeat":"repeat","background-position":"center center","background-size":"auto","background-attachment":"scroll","background-type":"","background-media":"","overlay-type":"","overlay-color":"","overlay-opacity":"","overlay-gradient":""}},"footnotes":""},"class_list":["post-710","page","type-page","status-publish","hentry"],"yoast_head":"<!-- This site is optimized with the Yoast SEO plugin v27.3 - https:\/\/yoast.com\/product\/yoast-seo-wordpress\/ -->\n<title>2021 - AC Villemoisson<\/title>\n<meta name=\"robots\" content=\"index, follow, max-snippet:-1, max-image-preview:large, max-video-preview:-1\" \/>\n<link rel=\"canonical\" href=\"https:\/\/ac-villemoisson.fr\/index.php\/galerie-photo-2021\/\" \/>\n<meta property=\"og:locale\" content=\"fr_FR\" \/>\n<meta property=\"og:type\" content=\"article\" \/>\n<meta property=\"og:title\" content=\"2021 - AC Villemoisson\" \/>\n<meta property=\"og:description\" content=\"S\u00e9jour dans le Verdon en mai S\u00e9jour dans le Lot en aout Honfleur en octobre\" \/>\n<meta property=\"og:url\" content=\"https:\/\/ac-villemoisson.fr\/index.php\/galerie-photo-2021\/\" \/>\n<meta property=\"og:site_name\" content=\"AC Villemoisson\" \/>\n<meta property=\"article:modified_time\" content=\"2024-09-24T19:17:06+00:00\" \/>\n<meta property=\"og:image\" content=\"https:\/\/ac-villemoisson.fr\/wp-content\/uploads\/2024\/09\/Col-dEspinouse.jpg\" \/>\n<meta name=\"twitter:card\" content=\"summary_large_image\" \/>\n<meta name=\"twitter:label1\" content=\"Dur\u00e9e de lecture estim\u00e9e\" \/>\n\t<meta name=\"twitter:data1\" content=\"2 minutes\" \/>\n<script type=\"application\/ld+json\" class=\"yoast-schema-graph\">{\"@context\":\"https:\\\/\\\/schema.org\",\"@graph\":[{\"@type\":\"WebPage\",\"@id\":\"https:\\\/\\\/ac-villemoisson.fr\\\/index.php\\\/galerie-photo-2021\\\/\",\"url\":\"https:\\\/\\\/ac-villemoisson.fr\\\/index.php\\\/galerie-photo-2021\\\/\",\"name\":\"2021 - AC Villemoisson\",\"isPartOf\":{\"@id\":\"https:\\\/\\\/ac-villemoisson.fr\\\/#website\"},\"primaryImageOfPage\":{\"@id\":\"https:\\\/\\\/ac-villemoisson.fr\\\/index.php\\\/galerie-photo-2021\\\/#primaryimage\"},\"image\":{\"@id\":\"https:\\\/\\\/ac-villemoisson.fr\\\/index.php\\\/galerie-photo-2021\\\/#primaryimage\"},\"thumbnailUrl\":\"https:\\\/\\\/ac-villemoisson.fr\\\/wp-content\\\/uploads\\\/2024\\\/09\\\/Col-dEspinouse.jpg\",\"datePublished\":\"2024-09-24T16:36:59+00:00\",\"dateModified\":\"2024-09-24T19:17:06+00:00\",\"breadcrumb\":{\"@id\":\"https:\\\/\\\/ac-villemoisson.fr\\\/index.php\\\/galerie-photo-2021\\\/#breadcrumb\"},\"inLanguage\":\"fr-FR\",\"potentialAction\":[{\"@type\":\"ReadAction\",\"target\":[\"https:\\\/\\\/ac-villemoisson.fr\\\/index.php\\\/galerie-photo-2021\\\/\"]}]},{\"@type\":\"ImageObject\",\"inLanguage\":\"fr-FR\",\"@id\":\"https:\\\/\\\/ac-villemoisson.fr\\\/index.php\\\/galerie-photo-2021\\\/#primaryimage\",\"url\":\"https:\\\/\\\/ac-villemoisson.fr\\\/wp-content\\\/uploads\\\/2024\\\/09\\\/Col-dEspinouse.jpg\",\"contentUrl\":\"https:\\\/\\\/ac-villemoisson.fr\\\/wp-content\\\/uploads\\\/2024\\\/09\\\/Col-dEspinouse.jpg\"},{\"@type\":\"BreadcrumbList\",\"@id\":\"https:\\\/\\\/ac-villemoisson.fr\\\/index.php\\\/galerie-photo-2021\\\/#breadcrumb\",\"itemListElement\":[{\"@type\":\"ListItem\",\"position\":1,\"name\":\"Accueil\",\"item\":\"https:\\\/\\\/ac-villemoisson.fr\\\/\"},{\"@type\":\"ListItem\",\"position\":2,\"name\":\"2021\"}]},{\"@type\":\"WebSite\",\"@id\":\"https:\\\/\\\/ac-villemoisson.fr\\\/#website\",\"url\":\"https:\\\/\\\/ac-villemoisson.fr\\\/\",\"name\":\"AC Villemoisson\",\"description\":\"Le cyclotourisme \u00e0 Villemoisson et dans la r\u00e9gion\",\"publisher\":{\"@id\":\"https:\\\/\\\/ac-villemoisson.fr\\\/#organization\"},\"alternateName\":\"Villemoisson Cyclotourisme\",\"potentialAction\":[{\"@type\":\"SearchAction\",\"target\":{\"@type\":\"EntryPoint\",\"urlTemplate\":\"https:\\\/\\\/ac-villemoisson.fr\\\/?s={search_term_string}\"},\"query-input\":{\"@type\":\"PropertyValueSpecification\",\"valueRequired\":true,\"valueName\":\"search_term_string\"}}],\"inLanguage\":\"fr-FR\"},{\"@type\":\"Organization\",\"@id\":\"https:\\\/\\\/ac-villemoisson.fr\\\/#organization\",\"name\":\"AC Villemoisson\",\"alternateName\":\"Villemoisson Cyclotourisme\",\"url\":\"https:\\\/\\\/ac-villemoisson.fr\\\/\",\"logo\":{\"@type\":\"ImageObject\",\"inLanguage\":\"fr-FR\",\"@id\":\"https:\\\/\\\/ac-villemoisson.fr\\\/#\\\/schema\\\/logo\\\/image\\\/\",\"url\":\"http:\\\/\\\/ac-villemoisson.fr\\\/wp-content\\\/uploads\\\/2024\\\/06\\\/Maillot-1-Villemoisson-1.jpg\",\"contentUrl\":\"http:\\\/\\\/ac-villemoisson.fr\\\/wp-content\\\/uploads\\\/2024\\\/06\\\/Maillot-1-Villemoisson-1.jpg\",\"width\":478,\"height\":436,\"caption\":\"AC Villemoisson\"},\"image\":{\"@id\":\"https:\\\/\\\/ac-villemoisson.fr\\\/#\\\/schema\\\/logo\\\/image\\\/\"}}]}<\/script>\n<!-- \/ Yoast SEO plugin. -->","yoast_head_json":{"title":"2021 - AC Villemoisson","robots":{"index":"index","follow":"follow","max-snippet":"max-snippet:-1","max-image-preview":"max-image-preview:large","max-video-preview":"max-video-preview:-1"},"canonical":"https:\/\/ac-villemoisson.fr\/index.php\/galerie-photo-2021\/","og_locale":"fr_FR","og_type":"article","og_title":"2021 - AC Villemoisson","og_description":"S\u00e9jour dans le Verdon en mai S\u00e9jour dans le Lot en aout Honfleur en octobre","og_url":"https:\/\/ac-villemoisson.fr\/index.php\/galerie-photo-2021\/","og_site_name":"AC Villemoisson","article_modified_time":"2024-09-24T19:17:06+00:00","og_image":[{"url":"https:\/\/ac-villemoisson.fr\/wp-content\/uploads\/2024\/09\/Col-dEspinouse.jpg","type":"","width":"","height":""}],"twitter_card":"summary_large_image","twitter_misc":{"Dur\u00e9e de lecture estim\u00e9e":"2 minutes"},"schema":{"@context":"https:\/\/schema.org","@graph":[{"@type":"WebPage","@id":"https:\/\/ac-villemoisson.fr\/index.php\/galerie-photo-2021\/","url":"https:\/\/ac-villemoisson.fr\/index.php\/galerie-photo-2021\/","name":"2021 - AC Villemoisson","isPartOf":{"@id":"https:\/\/ac-villemoisson.fr\/#website"},"primaryImageOfPage":{"@id":"https:\/\/ac-villemoisson.fr\/index.php\/galerie-photo-2021\/#primaryimage"},"image":{"@id":"https:\/\/ac-villemoisson.fr\/index.php\/galerie-photo-2021\/#primaryimage"},"thumbnailUrl":"https:\/\/ac-villemoisson.fr\/wp-content\/uploads\/2024\/09\/Col-dEspinouse.jpg","datePublished":"2024-09-24T16:36:59+00:00","dateModified":"2024-09-24T19:17:06+00:00","breadcrumb":{"@id":"https:\/\/ac-villemoisson.fr\/index.php\/galerie-photo-2021\/#breadcrumb"},"inLanguage":"fr-FR","potentialAction":[{"@type":"ReadAction","target":["https:\/\/ac-villemoisson.fr\/index.php\/galerie-photo-2021\/"]}]},{"@type":"ImageObject","inLanguage":"fr-FR","@id":"https:\/\/ac-villemoisson.fr\/index.php\/galerie-photo-2021\/#primaryimage","url":"https:\/\/ac-villemoisson.fr\/wp-content\/uploads\/2024\/09\/Col-dEspinouse.jpg","contentUrl":"https:\/\/ac-villemoisson.fr\/wp-content\/uploads\/2024\/09\/Col-dEspinouse.jpg"},{"@type":"BreadcrumbList","@id":"https:\/\/ac-villemoisson.fr\/index.php\/galerie-photo-2021\/#breadcrumb","itemListElement":[{"@type":"ListItem","position":1,"name":"Accueil","item":"https:\/\/ac-villemoisson.fr\/"},{"@type":"ListItem","position":2,"name":"2021"}]},{"@type":"WebSite","@id":"https:\/\/ac-villemoisson.fr\/#website","url":"https:\/\/ac-villemoisson.fr\/","name":"AC Villemoisson","description":"Le cyclotourisme \u00e0 Villemoisson et dans la r\u00e9gion","publisher":{"@id":"https:\/\/ac-villemoisson.fr\/#organization"},"alternateName":"Villemoisson Cyclotourisme","potentialAction":[{"@type":"SearchAction","target":{"@type":"EntryPoint","urlTemplate":"https:\/\/ac-villemoisson.fr\/?s={search_term_string}"},"query-input":{"@type":"PropertyValueSpecification","valueRequired":true,"valueName":"search_term_string"}}],"inLanguage":"fr-FR"},{"@type":"Organization","@id":"https:\/\/ac-villemoisson.fr\/#organization","name":"AC Villemoisson","alternateName":"Villemoisson Cyclotourisme","url":"https:\/\/ac-villemoisson.fr\/","logo":{"@type":"ImageObject","inLanguage":"fr-FR","@id":"https:\/\/ac-villemoisson.fr\/#\/schema\/logo\/image\/","url":"http:\/\/ac-villemoisson.fr\/wp-content\/uploads\/2024\/06\/Maillot-1-Villemoisson-1.jpg","contentUrl":"http:\/\/ac-villemoisson.fr\/wp-content\/uploads\/2024\/06\/Maillot-1-Villemoisson-1.jpg","width":478,"height":436,"caption":"AC Villemoisson"},"image":{"@id":"https:\/\/ac-villemoisson.fr\/#\/schema\/logo\/image\/"}}]}},"uagb_featured_image_src":{"full":false,"thumbnail":false,"medium":false,"medium_large":false,"large":false,"1536x1536":false,"2048x2048":false},"uagb_author_info":{"display_name":"admin5415","author_link":"https:\/\/ac-villemoisson.fr\/index.php\/author\/admin5415\/"},"uagb_comment_info":0,"uagb_excerpt":"S\u00e9jour dans le Verdon en mai S\u00e9jour dans le Lot en aout Honfleur en octobre","_links":{"self":[{"href":"https:\/\/ac-villemoisson.fr\/index.php\/wp-json\/wp\/v2\/pages\/710","targetHints":{"allow":["GET"]}}],"collection":[{"href":"https:\/\/ac-villemoisson.fr\/index.php\/wp-json\/wp\/v2\/pages"}],"about":[{"href":"https:\/\/ac-villemoisson.fr\/index.php\/wp-json\/wp\/v2\/types\/page"}],"author":[{"embeddable":true,"href":"https:\/\/ac-villemoisson.fr\/index.php\/wp-json\/wp\/v2\/users\/1"}],"replies":[{"embeddable":true,"href":"https:\/\/ac-villemoisson.fr\/index.php\/wp-json\/wp\/v2\/comments?post=710"}],"version-history":[{"count":11,"href":"https:\/\/ac-villemoisson.fr\/index.php\/wp-json\/wp\/v2\/pages\/710\/revisions"}],"predecessor-version":[{"id":738,"href":"https:\/\/ac-villemoisson.fr\/index.php\/wp-json\/wp\/v2\/pages\/710\/revisions\/738"}],"wp:attachment":[{"href":"https:\/\/ac-villemoisson.fr\/index.php\/wp-json\/wp\/v2\/media?parent=710"}],"curies":[{"name":"wp","href":"https:\/\/api.w.org\/{rel}","templated":true}]}}