{"id":743,"date":"2024-09-24T21:26:44","date_gmt":"2024-09-24T19:26:44","guid":{"rendered":"https:\/\/ac-villemoisson.fr\/?page_id=743"},"modified":"2024-12-14T18:10:55","modified_gmt":"2024-12-14T17:10:55","slug":"galerie-photo-2024","status":"publish","type":"page","link":"https:\/\/ac-villemoisson.fr\/index.php\/galerie-photo-2024\/","title":{"rendered":"2024"},"content":{"rendered":"\n<p><strong>Quelques moments forts de notre club <\/strong><\/p>\n\n\n\n<div class=\"wp-block-uagb-slider uagb-block-8a76d277 uagb-slider-container\"><div class=\"uagb-slides uagb-swiper\"><div class=\"swiper-wrapper\">\n<div class=\"wp-block-uagb-slider-child uagb-slider-child-wrap swiper-slide uagb-block-77fa71e3\"><div class=\"swiper-content\">\n<div class=\"wp-block-uagb-container uagb-block-36da1e71 alignfull uagb-is-root-container\"><div class=\"uagb-container-inner-blocks-wrap\">\n<figure class=\"wp-block-image size-large\"><img decoding=\"async\" src=\"http:\/\/ac-villemoisson.fr\/wp-content\/uploads\/2024\/12\/WhatsApp-Image-2024-12-13-a-12.39.35_07aff0b3-1024x459.jpg\" alt=\"\"\/><figcaption class=\"wp-element-caption\">Qui est le vrai P\u00e8re No\u00ebl  ??<\/figcaption><\/figure>\n<\/div><\/div>\n<\/div><\/div>\n\n\n\n<div class=\"wp-block-uagb-slider-child uagb-slider-child-wrap swiper-slide uagb-block-6a127d0d\"><div class=\"swiper-content\">\n<figure class=\"wp-block-image size-large\"><img loading=\"lazy\" decoding=\"async\" width=\"1024\" height=\"459\" src=\"http:\/\/ac-villemoisson.fr\/wp-content\/uploads\/2024\/10\/Sortie-2024-10-27-2-1-1024x459.jpg\" alt=\"\" class=\"wp-image-882\" srcset=\"https:\/\/ac-villemoisson.fr\/wp-content\/uploads\/2024\/10\/Sortie-2024-10-27-2-1-1024x459.jpg 1024w, https:\/\/ac-villemoisson.fr\/wp-content\/uploads\/2024\/10\/Sortie-2024-10-27-2-1-300x134.jpg 300w, https:\/\/ac-villemoisson.fr\/wp-content\/uploads\/2024\/10\/Sortie-2024-10-27-2-1-768x344.jpg 768w, https:\/\/ac-villemoisson.fr\/wp-content\/uploads\/2024\/10\/Sortie-2024-10-27-2-1-1536x689.jpg 1536w, https:\/\/ac-villemoisson.fr\/wp-content\/uploads\/2024\/10\/Sortie-2024-10-27-2-1.jpg 2048w\" sizes=\"auto, (max-width: 1024px) 100vw, 1024px\" \/><\/figure>\n\n\n\n<div class=\"wp-block-uagb-container uagb-block-7b687998 alignfull uagb-is-root-container\"><div class=\"uagb-container-inner-blocks-wrap\">\n<p>Photo compromettante   \ud83d\ude09  !<\/p>\n<\/div><\/div>\n<\/div><\/div>\n\n\n\n<div class=\"wp-block-uagb-slider-child uagb-slider-child-wrap swiper-slide uagb-block-0fdde844\"><div class=\"swiper-content\">\n<div class=\"wp-block-uagb-container uagb-block-e74bdc6d alignfull uagb-is-root-container\"><div class=\"uagb-container-inner-blocks-wrap\">\n<figure class=\"wp-block-image size-large is-resized\"><img loading=\"lazy\" decoding=\"async\" width=\"1024\" height=\"459\" src=\"http:\/\/ac-villemoisson.fr\/wp-content\/uploads\/2024\/11\/Sortie-2024-11-03-1-1024x459.jpg\" alt=\"\" class=\"wp-image-941\" style=\"width:1022px;height:auto\" srcset=\"https:\/\/ac-villemoisson.fr\/wp-content\/uploads\/2024\/11\/Sortie-2024-11-03-1-1024x459.jpg 1024w, https:\/\/ac-villemoisson.fr\/wp-content\/uploads\/2024\/11\/Sortie-2024-11-03-1-300x134.jpg 300w, https:\/\/ac-villemoisson.fr\/wp-content\/uploads\/2024\/11\/Sortie-2024-11-03-1-768x344.jpg 768w, https:\/\/ac-villemoisson.fr\/wp-content\/uploads\/2024\/11\/Sortie-2024-11-03-1-1536x689.jpg 1536w, https:\/\/ac-villemoisson.fr\/wp-content\/uploads\/2024\/11\/Sortie-2024-11-03-1.jpg 2048w\" sizes=\"auto, (max-width: 1024px) 100vw, 1024px\" \/><\/figure>\n\n\n\n<p>Devant le ch\u00e2teau de Mesnil-Voysin \u00e0 Lardy<\/p>\n<\/div><\/div>\n<\/div><\/div>\n\n\n\n<div class=\"wp-block-uagb-slider-child uagb-slider-child-wrap swiper-slide uagb-block-ef3fc51f\"><div class=\"swiper-content\">\n<div class=\"wp-block-uagb-container uagb-block-2ac07d05 alignfull uagb-is-root-container\"><div class=\"uagb-container-inner-blocks-wrap\">\n<figure class=\"wp-block-image size-large\"><img loading=\"lazy\" decoding=\"async\" width=\"1024\" height=\"768\" src=\"http:\/\/ac-villemoisson.fr\/wp-content\/uploads\/2024\/10\/Sancerre-1-1024x768.jpg\" alt=\"\" class=\"wp-image-809\" srcset=\"https:\/\/ac-villemoisson.fr\/wp-content\/uploads\/2024\/10\/Sancerre-1-1024x768.jpg 1024w, https:\/\/ac-villemoisson.fr\/wp-content\/uploads\/2024\/10\/Sancerre-1-300x225.jpg 300w, https:\/\/ac-villemoisson.fr\/wp-content\/uploads\/2024\/10\/Sancerre-1-768x576.jpg 768w, https:\/\/ac-villemoisson.fr\/wp-content\/uploads\/2024\/10\/Sancerre-1-1536x1152.jpg 1536w, https:\/\/ac-villemoisson.fr\/wp-content\/uploads\/2024\/10\/Sancerre-1.jpg 1600w\" sizes=\"auto, (max-width: 1024px) 100vw, 1024px\" \/><\/figure>\n<\/div><\/div>\n\n\n\n<p>La fine \u00e9quipe du Rallye de Cosne sur Loire<\/p>\n<\/div><\/div>\n\n\n\n<div class=\"wp-block-uagb-slider-child uagb-slider-child-wrap swiper-slide uagb-block-9ceca056\"><div class=\"swiper-content\">\n<div class=\"wp-block-uagb-container uagb-block-38dc5f0f alignfull uagb-is-root-container\"><div class=\"uagb-container-inner-blocks-wrap\">\n<figure class=\"wp-block-image size-large\"><img loading=\"lazy\" decoding=\"async\" width=\"1024\" height=\"768\" src=\"http:\/\/ac-villemoisson.fr\/wp-content\/uploads\/2024\/11\/IMG-20240331-WA0004-1-1024x768.jpg\" alt=\"\" class=\"wp-image-924\" srcset=\"https:\/\/ac-villemoisson.fr\/wp-content\/uploads\/2024\/11\/IMG-20240331-WA0004-1-1024x768.jpg 1024w, https:\/\/ac-villemoisson.fr\/wp-content\/uploads\/2024\/11\/IMG-20240331-WA0004-1-300x225.jpg 300w, https:\/\/ac-villemoisson.fr\/wp-content\/uploads\/2024\/11\/IMG-20240331-WA0004-1-768x576.jpg 768w, https:\/\/ac-villemoisson.fr\/wp-content\/uploads\/2024\/11\/IMG-20240331-WA0004-1-1536x1152.jpg 1536w, https:\/\/ac-villemoisson.fr\/wp-content\/uploads\/2024\/11\/IMG-20240331-WA0004-1.jpg 2048w\" sizes=\"auto, (max-width: 1024px) 100vw, 1024px\" \/><figcaption class=\"wp-element-caption\">Lors du rallye de Cosne sur Loire  <\/figcaption><\/figure>\n<\/div><\/div>\n<\/div><\/div>\n\n\n\n<div class=\"wp-block-uagb-slider-child uagb-slider-child-wrap swiper-slide uagb-block-e4f16a21\"><div class=\"swiper-content\">\n<div class=\"wp-block-uagb-container uagb-block-f1afa0cf alignfull uagb-is-root-container\"><div class=\"uagb-container-inner-blocks-wrap\">\n<div class=\"wp-block-uagb-image uagb-block-6af9e486 wp-block-uagb-image--layout-default wp-block-uagb-image--effect-static wp-block-uagb-image--align-none\"><figure class=\"wp-block-uagb-image__figure\"><img decoding=\"async\" srcset=\"https:\/\/ac-villemoisson.fr\/wp-content\/uploads\/2024\/10\/Sancerre-3-1024x768.jpg ,https:\/\/ac-villemoisson.fr\/wp-content\/uploads\/2024\/10\/Sancerre-3.jpg 780w, https:\/\/ac-villemoisson.fr\/wp-content\/uploads\/2024\/10\/Sancerre-3.jpg 360w\" sizes=\"auto, (max-width: 480px) 150px\" src=\"https:\/\/ac-villemoisson.fr\/wp-content\/uploads\/2024\/10\/Sancerre-3-1024x768.jpg\" alt=\"\" class=\"uag-image-807\" width=\"1024\" height=\"768\" title=\"Sancerre 3\" loading=\"lazy\" role=\"img\"\/><\/figure><\/div>\n\n\n\n<p><\/p>\n<\/div><\/div>\n<\/div><\/div>\n\n\n\n<div class=\"wp-block-uagb-slider-child uagb-slider-child-wrap swiper-slide uagb-block-4844a1bf\"><div class=\"swiper-content\">\n<div class=\"wp-block-uagb-container uagb-block-47d9f91c alignfull uagb-is-root-container\"><div class=\"uagb-container-inner-blocks-wrap\">\n<figure class=\"wp-block-image size-large\"><img loading=\"lazy\" decoding=\"async\" width=\"1024\" height=\"459\" src=\"http:\/\/ac-villemoisson.fr\/wp-content\/uploads\/2024\/12\/WhatsApp-Image-2024-11-10-a-13.00.16_f86d67eb-1024x459.jpg\" alt=\"\" class=\"wp-image-1034\" srcset=\"https:\/\/ac-villemoisson.fr\/wp-content\/uploads\/2024\/12\/WhatsApp-Image-2024-11-10-a-13.00.16_f86d67eb-1024x459.jpg 1024w, https:\/\/ac-villemoisson.fr\/wp-content\/uploads\/2024\/12\/WhatsApp-Image-2024-11-10-a-13.00.16_f86d67eb-300x134.jpg 300w, https:\/\/ac-villemoisson.fr\/wp-content\/uploads\/2024\/12\/WhatsApp-Image-2024-11-10-a-13.00.16_f86d67eb-768x344.jpg 768w, https:\/\/ac-villemoisson.fr\/wp-content\/uploads\/2024\/12\/WhatsApp-Image-2024-11-10-a-13.00.16_f86d67eb-1536x689.jpg 1536w, https:\/\/ac-villemoisson.fr\/wp-content\/uploads\/2024\/12\/WhatsApp-Image-2024-11-10-a-13.00.16_f86d67eb.jpg 2048w\" sizes=\"auto, (max-width: 1024px) 100vw, 1024px\" \/><\/figure>\n\n\n\n<p>Il fait un peu trop froid ? Qu&rsquo;\u00e0 cela ne tienne, un petit caf\u00e9 bien au chaud &#8230; et \u00e7a repart \ud83d\ude09<\/p>\n<\/div><\/div>\n<\/div><\/div>\n<\/div><\/div><div class=\"swiper-pagination\"><\/div><div class=\"swiper-button-prev\"><\/div><div class=\"swiper-button-next\"><\/div><\/div>\n\n\n\n<p><strong>Comme d&rsquo;habitude l&rsquo;ann\u00e9e commence par l&rsquo;AG et sa traditionnelle photo de groupe<\/strong><\/p>\n\n\n\n<div class=\"wp-block-uagb-image uagb-block-aab1ec70 wp-block-uagb-image--layout-default wp-block-uagb-image--effect-static wp-block-uagb-image--align-none\"><figure class=\"wp-block-uagb-image__figure\"><img decoding=\"async\" srcset=\"https:\/\/ac-villemoisson.fr\/wp-content\/uploads\/2024\/06\/photo-groupe.jpg ,https:\/\/ac-villemoisson.fr\/wp-content\/uploads\/2024\/06\/photo-groupe.jpg 780w, https:\/\/ac-villemoisson.fr\/wp-content\/uploads\/2024\/06\/photo-groupe.jpg 360w\" sizes=\"auto, (max-width: 480px) 150px\" src=\"https:\/\/ac-villemoisson.fr\/wp-content\/uploads\/2024\/06\/photo-groupe.jpg\" alt=\"\" class=\"uag-image-63\" width=\"2048\" height=\"1539\" title=\"photo groupe\" loading=\"lazy\" role=\"img\"\/><\/figure><\/div>\n\n\n\n<p><\/p>\n","protected":false},"excerpt":{"rendered":"<p>Quelques moments forts de notre club Comme d&rsquo;habitude l&rsquo;ann\u00e9e commence par l&rsquo;AG et sa traditionnelle photo de groupe<\/p>\n","protected":false},"author":1,"featured_media":0,"parent":0,"menu_order":0,"comment_status":"closed","ping_status":"closed","template":"","meta":{"_uag_custom_page_level_css":"","site-sidebar-layout":"default","site-content-layout":"","ast-site-content-layout":"","site-content-style":"default","site-sidebar-style":"default","ast-global-header-display":"","ast-banner-title-visibility":"","ast-main-header-display":"","ast-hfb-above-header-display":"","ast-hfb-below-header-display":"","ast-hfb-mobile-header-display":"","site-post-title":"","ast-breadcrumbs-content":"","ast-featured-img":"","footer-sml-layout":"","theme-transparent-header-meta":"","adv-header-id-meta":"","stick-header-meta":"","header-above-stick-meta":"","header-main-stick-meta":"","header-below-stick-meta":"","astra-migrate-meta-layouts":"default","ast-page-background-enabled":"default","ast-page-background-meta":{"desktop":{"background-color":"var(--ast-global-color-4)","background-image":"","background-repeat":"repeat","background-position":"center center","background-size":"auto","background-attachment":"scroll","background-type":"","background-media":"","overlay-type":"","overlay-color":"","overlay-opacity":"","overlay-gradient":""},"tablet":{"background-color":"","background-image":"","background-repeat":"repeat","background-position":"center center","background-size":"auto","background-attachment":"scroll","background-type":"","background-media":"","overlay-type":"","overlay-color":"","overlay-opacity":"","overlay-gradient":""},"mobile":{"background-color":"","background-image":"","background-repeat":"repeat","background-position":"center center","background-size":"auto","background-attachment":"scroll","background-type":"","background-media":"","overlay-type":"","overlay-color":"","overlay-opacity":"","overlay-gradient":""}},"ast-content-background-meta":{"desktop":{"background-color":"var(--ast-global-color-5)","background-image":"","background-repeat":"repeat","background-position":"center center","background-size":"auto","background-attachment":"scroll","background-type":"","background-media":"","overlay-type":"","overlay-color":"","overlay-opacity":"","overlay-gradient":""},"tablet":{"background-color":"var(--ast-global-color-5)","background-image":"","background-repeat":"repeat","background-position":"center center","background-size":"auto","background-attachment":"scroll","background-type":"","background-media":"","overlay-type":"","overlay-color":"","overlay-opacity":"","overlay-gradient":""},"mobile":{"background-color":"var(--ast-global-color-5)","background-image":"","background-repeat":"repeat","background-position":"center center","background-size":"auto","background-attachment":"scroll","background-type":"","background-media":"","overlay-type":"","overlay-color":"","overlay-opacity":"","overlay-gradient":""}},"footnotes":""},"class_list":["post-743","page","type-page","status-publish","hentry"],"yoast_head":"<!-- This site is optimized with the Yoast SEO plugin v27.3 - https:\/\/yoast.com\/product\/yoast-seo-wordpress\/ -->\n<title>2024 - AC Villemoisson<\/title>\n<meta name=\"robots\" content=\"index, follow, max-snippet:-1, max-image-preview:large, max-video-preview:-1\" \/>\n<link rel=\"canonical\" href=\"https:\/\/ac-villemoisson.fr\/index.php\/galerie-photo-2024\/\" \/>\n<meta property=\"og:locale\" content=\"fr_FR\" \/>\n<meta property=\"og:type\" content=\"article\" \/>\n<meta property=\"og:title\" content=\"2024 - AC Villemoisson\" \/>\n<meta property=\"og:description\" content=\"Quelques moments forts de notre club Comme d&rsquo;habitude l&rsquo;ann\u00e9e commence par l&rsquo;AG et sa traditionnelle photo de groupe\" \/>\n<meta property=\"og:url\" content=\"https:\/\/ac-villemoisson.fr\/index.php\/galerie-photo-2024\/\" \/>\n<meta property=\"og:site_name\" content=\"AC Villemoisson\" \/>\n<meta property=\"article:modified_time\" content=\"2024-12-14T17:10:55+00:00\" \/>\n<meta property=\"og:image\" content=\"http:\/\/ac-villemoisson.fr\/wp-content\/uploads\/2024\/12\/WhatsApp-Image-2024-12-13-a-12.39.35_07aff0b3-1024x459.jpg\" \/>\n<meta name=\"twitter:card\" content=\"summary_large_image\" \/>\n<meta name=\"twitter:label1\" content=\"Dur\u00e9e de lecture estim\u00e9e\" \/>\n\t<meta name=\"twitter:data1\" content=\"2 minutes\" \/>\n<script type=\"application\/ld+json\" class=\"yoast-schema-graph\">{\"@context\":\"https:\\\/\\\/schema.org\",\"@graph\":[{\"@type\":\"WebPage\",\"@id\":\"https:\\\/\\\/ac-villemoisson.fr\\\/index.php\\\/galerie-photo-2024\\\/\",\"url\":\"https:\\\/\\\/ac-villemoisson.fr\\\/index.php\\\/galerie-photo-2024\\\/\",\"name\":\"2024 - AC Villemoisson\",\"isPartOf\":{\"@id\":\"https:\\\/\\\/ac-villemoisson.fr\\\/#website\"},\"primaryImageOfPage\":{\"@id\":\"https:\\\/\\\/ac-villemoisson.fr\\\/index.php\\\/galerie-photo-2024\\\/#primaryimage\"},\"image\":{\"@id\":\"https:\\\/\\\/ac-villemoisson.fr\\\/index.php\\\/galerie-photo-2024\\\/#primaryimage\"},\"thumbnailUrl\":\"http:\\\/\\\/ac-villemoisson.fr\\\/wp-content\\\/uploads\\\/2024\\\/12\\\/WhatsApp-Image-2024-12-13-a-12.39.35_07aff0b3-1024x459.jpg\",\"datePublished\":\"2024-09-24T19:26:44+00:00\",\"dateModified\":\"2024-12-14T17:10:55+00:00\",\"breadcrumb\":{\"@id\":\"https:\\\/\\\/ac-villemoisson.fr\\\/index.php\\\/galerie-photo-2024\\\/#breadcrumb\"},\"inLanguage\":\"fr-FR\",\"potentialAction\":[{\"@type\":\"ReadAction\",\"target\":[\"https:\\\/\\\/ac-villemoisson.fr\\\/index.php\\\/galerie-photo-2024\\\/\"]}]},{\"@type\":\"ImageObject\",\"inLanguage\":\"fr-FR\",\"@id\":\"https:\\\/\\\/ac-villemoisson.fr\\\/index.php\\\/galerie-photo-2024\\\/#primaryimage\",\"url\":\"http:\\\/\\\/ac-villemoisson.fr\\\/wp-content\\\/uploads\\\/2024\\\/12\\\/WhatsApp-Image-2024-12-13-a-12.39.35_07aff0b3-1024x459.jpg\",\"contentUrl\":\"http:\\\/\\\/ac-villemoisson.fr\\\/wp-content\\\/uploads\\\/2024\\\/12\\\/WhatsApp-Image-2024-12-13-a-12.39.35_07aff0b3-1024x459.jpg\"},{\"@type\":\"BreadcrumbList\",\"@id\":\"https:\\\/\\\/ac-villemoisson.fr\\\/index.php\\\/galerie-photo-2024\\\/#breadcrumb\",\"itemListElement\":[{\"@type\":\"ListItem\",\"position\":1,\"name\":\"Accueil\",\"item\":\"https:\\\/\\\/ac-villemoisson.fr\\\/\"},{\"@type\":\"ListItem\",\"position\":2,\"name\":\"2024\"}]},{\"@type\":\"WebSite\",\"@id\":\"https:\\\/\\\/ac-villemoisson.fr\\\/#website\",\"url\":\"https:\\\/\\\/ac-villemoisson.fr\\\/\",\"name\":\"AC Villemoisson\",\"description\":\"Le cyclotourisme \u00e0 Villemoisson et dans la r\u00e9gion\",\"publisher\":{\"@id\":\"https:\\\/\\\/ac-villemoisson.fr\\\/#organization\"},\"alternateName\":\"Villemoisson Cyclotourisme\",\"potentialAction\":[{\"@type\":\"SearchAction\",\"target\":{\"@type\":\"EntryPoint\",\"urlTemplate\":\"https:\\\/\\\/ac-villemoisson.fr\\\/?s={search_term_string}\"},\"query-input\":{\"@type\":\"PropertyValueSpecification\",\"valueRequired\":true,\"valueName\":\"search_term_string\"}}],\"inLanguage\":\"fr-FR\"},{\"@type\":\"Organization\",\"@id\":\"https:\\\/\\\/ac-villemoisson.fr\\\/#organization\",\"name\":\"AC Villemoisson\",\"alternateName\":\"Villemoisson Cyclotourisme\",\"url\":\"https:\\\/\\\/ac-villemoisson.fr\\\/\",\"logo\":{\"@type\":\"ImageObject\",\"inLanguage\":\"fr-FR\",\"@id\":\"https:\\\/\\\/ac-villemoisson.fr\\\/#\\\/schema\\\/logo\\\/image\\\/\",\"url\":\"http:\\\/\\\/ac-villemoisson.fr\\\/wp-content\\\/uploads\\\/2024\\\/06\\\/Maillot-1-Villemoisson-1.jpg\",\"contentUrl\":\"http:\\\/\\\/ac-villemoisson.fr\\\/wp-content\\\/uploads\\\/2024\\\/06\\\/Maillot-1-Villemoisson-1.jpg\",\"width\":478,\"height\":436,\"caption\":\"AC Villemoisson\"},\"image\":{\"@id\":\"https:\\\/\\\/ac-villemoisson.fr\\\/#\\\/schema\\\/logo\\\/image\\\/\"}}]}<\/script>\n<!-- \/ Yoast SEO plugin. -->","yoast_head_json":{"title":"2024 - AC Villemoisson","robots":{"index":"index","follow":"follow","max-snippet":"max-snippet:-1","max-image-preview":"max-image-preview:large","max-video-preview":"max-video-preview:-1"},"canonical":"https:\/\/ac-villemoisson.fr\/index.php\/galerie-photo-2024\/","og_locale":"fr_FR","og_type":"article","og_title":"2024 - AC Villemoisson","og_description":"Quelques moments forts de notre club Comme d&rsquo;habitude l&rsquo;ann\u00e9e commence par l&rsquo;AG et sa traditionnelle photo de groupe","og_url":"https:\/\/ac-villemoisson.fr\/index.php\/galerie-photo-2024\/","og_site_name":"AC Villemoisson","article_modified_time":"2024-12-14T17:10:55+00:00","og_image":[{"url":"http:\/\/ac-villemoisson.fr\/wp-content\/uploads\/2024\/12\/WhatsApp-Image-2024-12-13-a-12.39.35_07aff0b3-1024x459.jpg","type":"","width":"","height":""}],"twitter_card":"summary_large_image","twitter_misc":{"Dur\u00e9e de lecture estim\u00e9e":"2 minutes"},"schema":{"@context":"https:\/\/schema.org","@graph":[{"@type":"WebPage","@id":"https:\/\/ac-villemoisson.fr\/index.php\/galerie-photo-2024\/","url":"https:\/\/ac-villemoisson.fr\/index.php\/galerie-photo-2024\/","name":"2024 - AC Villemoisson","isPartOf":{"@id":"https:\/\/ac-villemoisson.fr\/#website"},"primaryImageOfPage":{"@id":"https:\/\/ac-villemoisson.fr\/index.php\/galerie-photo-2024\/#primaryimage"},"image":{"@id":"https:\/\/ac-villemoisson.fr\/index.php\/galerie-photo-2024\/#primaryimage"},"thumbnailUrl":"http:\/\/ac-villemoisson.fr\/wp-content\/uploads\/2024\/12\/WhatsApp-Image-2024-12-13-a-12.39.35_07aff0b3-1024x459.jpg","datePublished":"2024-09-24T19:26:44+00:00","dateModified":"2024-12-14T17:10:55+00:00","breadcrumb":{"@id":"https:\/\/ac-villemoisson.fr\/index.php\/galerie-photo-2024\/#breadcrumb"},"inLanguage":"fr-FR","potentialAction":[{"@type":"ReadAction","target":["https:\/\/ac-villemoisson.fr\/index.php\/galerie-photo-2024\/"]}]},{"@type":"ImageObject","inLanguage":"fr-FR","@id":"https:\/\/ac-villemoisson.fr\/index.php\/galerie-photo-2024\/#primaryimage","url":"http:\/\/ac-villemoisson.fr\/wp-content\/uploads\/2024\/12\/WhatsApp-Image-2024-12-13-a-12.39.35_07aff0b3-1024x459.jpg","contentUrl":"http:\/\/ac-villemoisson.fr\/wp-content\/uploads\/2024\/12\/WhatsApp-Image-2024-12-13-a-12.39.35_07aff0b3-1024x459.jpg"},{"@type":"BreadcrumbList","@id":"https:\/\/ac-villemoisson.fr\/index.php\/galerie-photo-2024\/#breadcrumb","itemListElement":[{"@type":"ListItem","position":1,"name":"Accueil","item":"https:\/\/ac-villemoisson.fr\/"},{"@type":"ListItem","position":2,"name":"2024"}]},{"@type":"WebSite","@id":"https:\/\/ac-villemoisson.fr\/#website","url":"https:\/\/ac-villemoisson.fr\/","name":"AC Villemoisson","description":"Le cyclotourisme \u00e0 Villemoisson et dans la r\u00e9gion","publisher":{"@id":"https:\/\/ac-villemoisson.fr\/#organization"},"alternateName":"Villemoisson Cyclotourisme","potentialAction":[{"@type":"SearchAction","target":{"@type":"EntryPoint","urlTemplate":"https:\/\/ac-villemoisson.fr\/?s={search_term_string}"},"query-input":{"@type":"PropertyValueSpecification","valueRequired":true,"valueName":"search_term_string"}}],"inLanguage":"fr-FR"},{"@type":"Organization","@id":"https:\/\/ac-villemoisson.fr\/#organization","name":"AC Villemoisson","alternateName":"Villemoisson Cyclotourisme","url":"https:\/\/ac-villemoisson.fr\/","logo":{"@type":"ImageObject","inLanguage":"fr-FR","@id":"https:\/\/ac-villemoisson.fr\/#\/schema\/logo\/image\/","url":"http:\/\/ac-villemoisson.fr\/wp-content\/uploads\/2024\/06\/Maillot-1-Villemoisson-1.jpg","contentUrl":"http:\/\/ac-villemoisson.fr\/wp-content\/uploads\/2024\/06\/Maillot-1-Villemoisson-1.jpg","width":478,"height":436,"caption":"AC Villemoisson"},"image":{"@id":"https:\/\/ac-villemoisson.fr\/#\/schema\/logo\/image\/"}}]}},"uagb_featured_image_src":{"full":false,"thumbnail":false,"medium":false,"medium_large":false,"large":false,"1536x1536":false,"2048x2048":false},"uagb_author_info":{"display_name":"admin5415","author_link":"https:\/\/ac-villemoisson.fr\/index.php\/author\/admin5415\/"},"uagb_comment_info":0,"uagb_excerpt":"Quelques moments forts de notre club Comme d&rsquo;habitude l&rsquo;ann\u00e9e commence par l&rsquo;AG et sa traditionnelle photo de groupe","_links":{"self":[{"href":"https:\/\/ac-villemoisson.fr\/index.php\/wp-json\/wp\/v2\/pages\/743","targetHints":{"allow":["GET"]}}],"collection":[{"href":"https:\/\/ac-villemoisson.fr\/index.php\/wp-json\/wp\/v2\/pages"}],"about":[{"href":"https:\/\/ac-villemoisson.fr\/index.php\/wp-json\/wp\/v2\/types\/page"}],"author":[{"embeddable":true,"href":"https:\/\/ac-villemoisson.fr\/index.php\/wp-json\/wp\/v2\/users\/1"}],"replies":[{"embeddable":true,"href":"https:\/\/ac-villemoisson.fr\/index.php\/wp-json\/wp\/v2\/comments?post=743"}],"version-history":[{"count":14,"href":"https:\/\/ac-villemoisson.fr\/index.php\/wp-json\/wp\/v2\/pages\/743\/revisions"}],"predecessor-version":[{"id":1041,"href":"https:\/\/ac-villemoisson.fr\/index.php\/wp-json\/wp\/v2\/pages\/743\/revisions\/1041"}],"wp:attachment":[{"href":"https:\/\/ac-villemoisson.fr\/index.php\/wp-json\/wp\/v2\/media?parent=743"}],"curies":[{"name":"wp","href":"https:\/\/api.w.org\/{rel}","templated":true}]}}