{"id":85,"date":"2024-06-24T19:01:25","date_gmt":"2024-06-24T17:01:25","guid":{"rendered":"https:\/\/ac-villemoisson.fr\/?page_id=85"},"modified":"2024-08-01T15:18:28","modified_gmt":"2024-08-01T13:18:28","slug":"infos-acv91","status":"publish","type":"page","link":"https:\/\/ac-villemoisson.fr\/index.php\/infos-acv91\/","title":{"rendered":"Informations club"},"content":{"rendered":"\n<p><\/p>\n\n\n\n<div class=\"wp-block-uagb-container uagb-block-cbb173ba alignfull uagb-is-root-container\"><div class=\"uagb-container-inner-blocks-wrap\">\n<div class=\"wp-block-uagb-container uagb-block-49c0eb91\">\n<p><\/p>\n\n\n\n<div class=\"wp-block-uagb-image uagb-block-87ae37d1 wp-block-uagb-image--layout-default wp-block-uagb-image--effect-static wp-block-uagb-image--align-none\"><figure class=\"wp-block-uagb-image__figure\"><img decoding=\"async\" srcset=\"https:\/\/ac-villemoisson.fr\/wp-content\/uploads\/2024\/06\/cropped-cropped-Maillot-1-Villemoisson.jpg ,https:\/\/ac-villemoisson.fr\/wp-content\/uploads\/2024\/06\/cropped-cropped-Maillot-1-Villemoisson.jpg 780w, https:\/\/ac-villemoisson.fr\/wp-content\/uploads\/2024\/06\/cropped-cropped-Maillot-1-Villemoisson.jpg 360w\" sizes=\"auto, (max-width: 480px) 150px\" src=\"https:\/\/ac-villemoisson.fr\/wp-content\/uploads\/2024\/06\/cropped-cropped-Maillot-1-Villemoisson.jpg\" alt=\"\" class=\"uag-image-68\" width=\"280\" height=\"246\" title=\"cropped-cropped-Maillot-1-Villemoisson.jpg\" loading=\"lazy\" role=\"img\"\/><\/figure><\/div>\n<\/div>\n\n\n\n<div class=\"wp-block-uagb-container uagb-block-19da11fa\">\n<hr class=\"wp-block-separator has-alpha-channel-opacity\"\/>\n\n\n\n<p><\/p>\n\n\n\n<p>Bienvenue \u00e0 Amicale Cyclo de Villemoisson-sur-Orge (ACV91) , l&rsquo;association sportive d\u00e9di\u00e9e aux passionn\u00e9s de cyclotourisme de tous \u00e2ges et de tous niveaux ! Notre mission est de promouvoir la pratique du v\u00e9lo de loisir \u00e0 travers des sorties conviviales et accessibles \u00e0 tous. Que vous soyez un cycliste d\u00e9butant ou exp\u00e9riment\u00e9, nous proposons des parcours vari\u00e9s, allant des balades tranquilles en pleine nature aux circuits plus sportifs. Nos sorties se d\u00e9roulent dans une ambiance amicale, favorisant l&rsquo;entraide et le partage d&rsquo;exp\u00e9riences. En rejoignant l&rsquo;ACV91, vous aurez l&rsquo;occasion de d\u00e9couvrir de magnifiques paysages dans l&rsquo;Essonne, les Yvelines et la Seine et Marne, de participer \u00e0 des \u00e9v\u00e9nements cyclistes (rallyes d\u00e9partementaux, r\u00e9gionaux ou nationaux) et de b\u00e9n\u00e9ficier des conseils avis\u00e9s de nos membres exp\u00e9riment\u00e9s. Venez p\u00e9daler avec nous et partager la passion du cyclotourisme !<\/p>\n\n\n\n<p>Vous pouvez faire un essai gratuitement pendant 3 sorties, apr\u00e8s accord du bureau directeur de l&rsquo;association.<\/p>\n\n\n\n<div class=\"wp-block-buttons is-content-justification-center is-layout-flex wp-container-core-buttons-is-layout-a89b3969 wp-block-buttons-is-layout-flex\">\n<div class=\"wp-block-button\"><a class=\"wp-block-button__link wp-element-button\" href=\"https:\/\/ac-villemoisson.fr\/index.php\/132-2-2-2\/\" target=\"_blank\" rel=\"noreferrer noopener\">Contactez nous<\/a><\/div>\n<\/div>\n<\/div>\n<\/div><\/div>\n\n\n\n<p>Nos sorties se d\u00e9roulent \u00e0 la demi-journ\u00e9e.<\/p>\n\n\n\n<p>Nous partons les mercredi* et dimanche matin pour des sorties de 50 \u00e0 110 km en fonction de la saison et du niveau des groupes.<\/p>\n\n\n\n<p>Les horaires de d\u00e9part varient de 7h30 en \u00e9t\u00e9 \u00e0 9h en hiver. <\/p>\n\n\n\n<p>*Les mercredi en hiver nous partons en d\u00e9but d&rsquo;apr\u00e8s midi <\/p>\n\n\n\n<p>Notre lieu de rendez vous se situe en face du Ludion de Villemoisson<\/p>\n\n\n\t\t\t<div \n\t\t\tclass=\"wp-block-uagb-google-map uagb-google-map__wrap uagb-block-de7d5f83     \"\n\t\t\tstyle=\"\" >\n\t\t\t\t<embed\n\t\t\t\t\tclass=\"uagb-google-map__iframe\"\n\t\t\t\t\ttitle=\"Carte Google pour \"\n\t\t\t\t\tsrc=\"https:\/\/maps.google.com\/maps?q=48%C2%B039%2739.0%22N%202%C2%B019%2737.9%22E&#038;z=12&#038;hl=en&#038;t=m&#038;output=embed&#038;iwloc=near\"\n\t\t\t\t\twidth=\"640\"\n\t\t\t\t\theight=\"300\"\n\t\t\t\t\tloading=\"lazy\"\n\t\t\t\t><\/embed>\n\t\t\t<\/div>\n\t\t\t\n\n\n<div class=\"wp-block-uagb-container uagb-block-1214f08e alignfull uagb-is-root-container\"><div class=\"uagb-container-inner-blocks-wrap\"><\/div><\/div>\n\n\n\n<p><\/p>\n","protected":false},"excerpt":{"rendered":"<p>Bienvenue \u00e0 Amicale Cyclo de Villemoisson-sur-Orge (ACV91) , l&rsquo;association sportive d\u00e9di\u00e9e aux passionn\u00e9s de cyclotourisme de tous \u00e2ges et de tous niveaux ! Notre mission est de promouvoir la pratique [&hellip;]<\/p>\n","protected":false},"author":1,"featured_media":0,"parent":0,"menu_order":0,"comment_status":"closed","ping_status":"closed","template":"","meta":{"_uag_custom_page_level_css":"","site-sidebar-layout":"default","site-content-layout":"","ast-site-content-layout":"","site-content-style":"default","site-sidebar-style":"default","ast-global-header-display":"","ast-banner-title-visibility":"","ast-main-header-display":"","ast-hfb-above-header-display":"","ast-hfb-below-header-display":"","ast-hfb-mobile-header-display":"","site-post-title":"","ast-breadcrumbs-content":"","ast-featured-img":"","footer-sml-layout":"","theme-transparent-header-meta":"","adv-header-id-meta":"","stick-header-meta":"","header-above-stick-meta":"","header-main-stick-meta":"","header-below-stick-meta":"","astra-migrate-meta-layouts":"default","ast-page-background-enabled":"default","ast-page-background-meta":{"desktop":{"background-color":"var(--ast-global-color-4)","background-image":"","background-repeat":"repeat","background-position":"center center","background-size":"auto","background-attachment":"scroll","background-type":"","background-media":"","overlay-type":"","overlay-color":"","overlay-opacity":"","overlay-gradient":""},"tablet":{"background-color":"","background-image":"","background-repeat":"repeat","background-position":"center center","background-size":"auto","background-attachment":"scroll","background-type":"","background-media":"","overlay-type":"","overlay-color":"","overlay-opacity":"","overlay-gradient":""},"mobile":{"background-color":"","background-image":"","background-repeat":"repeat","background-position":"center center","background-size":"auto","background-attachment":"scroll","background-type":"","background-media":"","overlay-type":"","overlay-color":"","overlay-opacity":"","overlay-gradient":""}},"ast-content-background-meta":{"desktop":{"background-color":"var(--ast-global-color-5)","background-image":"","background-repeat":"repeat","background-position":"center center","background-size":"auto","background-attachment":"scroll","background-type":"","background-media":"","overlay-type":"","overlay-color":"","overlay-opacity":"","overlay-gradient":""},"tablet":{"background-color":"var(--ast-global-color-5)","background-image":"","background-repeat":"repeat","background-position":"center center","background-size":"auto","background-attachment":"scroll","background-type":"","background-media":"","overlay-type":"","overlay-color":"","overlay-opacity":"","overlay-gradient":""},"mobile":{"background-color":"var(--ast-global-color-5)","background-image":"","background-repeat":"repeat","background-position":"center center","background-size":"auto","background-attachment":"scroll","background-type":"","background-media":"","overlay-type":"","overlay-color":"","overlay-opacity":"","overlay-gradient":""}},"footnotes":""},"class_list":["post-85","page","type-page","status-publish","hentry"],"yoast_head":"<!-- This site is optimized with the Yoast SEO plugin v27.3 - https:\/\/yoast.com\/product\/yoast-seo-wordpress\/ -->\n<title>Informations club - AC Villemoisson<\/title>\n<meta name=\"description\" content=\"cyclotourisme Essonne Villemoisson cyclisme v\u00e9lo route ACV91 profitez du v\u00e9lo en Essonne Seine et Marne et Yvelines\" \/>\n<meta name=\"robots\" content=\"index, follow, max-snippet:-1, max-image-preview:large, max-video-preview:-1\" \/>\n<link rel=\"canonical\" href=\"https:\/\/ac-villemoisson.fr\/index.php\/infos-acv91\/\" \/>\n<meta property=\"og:locale\" content=\"fr_FR\" \/>\n<meta property=\"og:type\" content=\"article\" \/>\n<meta property=\"og:title\" content=\"Informations club - AC Villemoisson\" \/>\n<meta property=\"og:description\" content=\"cyclotourisme Essonne Villemoisson cyclisme v\u00e9lo route ACV91 profitez du v\u00e9lo en Essonne Seine et Marne et Yvelines\" \/>\n<meta property=\"og:url\" content=\"https:\/\/ac-villemoisson.fr\/index.php\/infos-acv91\/\" \/>\n<meta property=\"og:site_name\" content=\"AC Villemoisson\" \/>\n<meta property=\"article:modified_time\" content=\"2024-08-01T13:18:28+00:00\" \/>\n<meta property=\"og:image\" content=\"http:\/\/ac-villemoisson.fr\/wp-content\/uploads\/2024\/06\/cropped-cropped-Maillot-1-Villemoisson.jpg\" \/>\n<meta name=\"twitter:card\" content=\"summary_large_image\" \/>\n<meta name=\"twitter:label1\" content=\"Dur\u00e9e de lecture estim\u00e9e\" \/>\n\t<meta name=\"twitter:data1\" content=\"2 minutes\" \/>\n<script type=\"application\/ld+json\" class=\"yoast-schema-graph\">{\"@context\":\"https:\\\/\\\/schema.org\",\"@graph\":[{\"@type\":\"WebPage\",\"@id\":\"https:\\\/\\\/ac-villemoisson.fr\\\/index.php\\\/infos-acv91\\\/\",\"url\":\"https:\\\/\\\/ac-villemoisson.fr\\\/index.php\\\/infos-acv91\\\/\",\"name\":\"Informations club - AC Villemoisson\",\"isPartOf\":{\"@id\":\"https:\\\/\\\/ac-villemoisson.fr\\\/#website\"},\"primaryImageOfPage\":{\"@id\":\"https:\\\/\\\/ac-villemoisson.fr\\\/index.php\\\/infos-acv91\\\/#primaryimage\"},\"image\":{\"@id\":\"https:\\\/\\\/ac-villemoisson.fr\\\/index.php\\\/infos-acv91\\\/#primaryimage\"},\"thumbnailUrl\":\"http:\\\/\\\/ac-villemoisson.fr\\\/wp-content\\\/uploads\\\/2024\\\/06\\\/cropped-cropped-Maillot-1-Villemoisson.jpg\",\"datePublished\":\"2024-06-24T17:01:25+00:00\",\"dateModified\":\"2024-08-01T13:18:28+00:00\",\"description\":\"cyclotourisme Essonne Villemoisson cyclisme v\u00e9lo route ACV91 profitez du v\u00e9lo en Essonne Seine et Marne et Yvelines\",\"breadcrumb\":{\"@id\":\"https:\\\/\\\/ac-villemoisson.fr\\\/index.php\\\/infos-acv91\\\/#breadcrumb\"},\"inLanguage\":\"fr-FR\",\"potentialAction\":[{\"@type\":\"ReadAction\",\"target\":[\"https:\\\/\\\/ac-villemoisson.fr\\\/index.php\\\/infos-acv91\\\/\"]}]},{\"@type\":\"ImageObject\",\"inLanguage\":\"fr-FR\",\"@id\":\"https:\\\/\\\/ac-villemoisson.fr\\\/index.php\\\/infos-acv91\\\/#primaryimage\",\"url\":\"http:\\\/\\\/ac-villemoisson.fr\\\/wp-content\\\/uploads\\\/2024\\\/06\\\/cropped-cropped-Maillot-1-Villemoisson.jpg\",\"contentUrl\":\"http:\\\/\\\/ac-villemoisson.fr\\\/wp-content\\\/uploads\\\/2024\\\/06\\\/cropped-cropped-Maillot-1-Villemoisson.jpg\"},{\"@type\":\"BreadcrumbList\",\"@id\":\"https:\\\/\\\/ac-villemoisson.fr\\\/index.php\\\/infos-acv91\\\/#breadcrumb\",\"itemListElement\":[{\"@type\":\"ListItem\",\"position\":1,\"name\":\"Accueil\",\"item\":\"https:\\\/\\\/ac-villemoisson.fr\\\/\"},{\"@type\":\"ListItem\",\"position\":2,\"name\":\"Informations club\"}]},{\"@type\":\"WebSite\",\"@id\":\"https:\\\/\\\/ac-villemoisson.fr\\\/#website\",\"url\":\"https:\\\/\\\/ac-villemoisson.fr\\\/\",\"name\":\"AC Villemoisson\",\"description\":\"Le cyclotourisme \u00e0 Villemoisson et dans la r\u00e9gion\",\"publisher\":{\"@id\":\"https:\\\/\\\/ac-villemoisson.fr\\\/#organization\"},\"alternateName\":\"Villemoisson Cyclotourisme\",\"potentialAction\":[{\"@type\":\"SearchAction\",\"target\":{\"@type\":\"EntryPoint\",\"urlTemplate\":\"https:\\\/\\\/ac-villemoisson.fr\\\/?s={search_term_string}\"},\"query-input\":{\"@type\":\"PropertyValueSpecification\",\"valueRequired\":true,\"valueName\":\"search_term_string\"}}],\"inLanguage\":\"fr-FR\"},{\"@type\":\"Organization\",\"@id\":\"https:\\\/\\\/ac-villemoisson.fr\\\/#organization\",\"name\":\"AC Villemoisson\",\"alternateName\":\"Villemoisson Cyclotourisme\",\"url\":\"https:\\\/\\\/ac-villemoisson.fr\\\/\",\"logo\":{\"@type\":\"ImageObject\",\"inLanguage\":\"fr-FR\",\"@id\":\"https:\\\/\\\/ac-villemoisson.fr\\\/#\\\/schema\\\/logo\\\/image\\\/\",\"url\":\"http:\\\/\\\/ac-villemoisson.fr\\\/wp-content\\\/uploads\\\/2024\\\/06\\\/Maillot-1-Villemoisson-1.jpg\",\"contentUrl\":\"http:\\\/\\\/ac-villemoisson.fr\\\/wp-content\\\/uploads\\\/2024\\\/06\\\/Maillot-1-Villemoisson-1.jpg\",\"width\":478,\"height\":436,\"caption\":\"AC Villemoisson\"},\"image\":{\"@id\":\"https:\\\/\\\/ac-villemoisson.fr\\\/#\\\/schema\\\/logo\\\/image\\\/\"}}]}<\/script>\n<!-- \/ Yoast SEO plugin. -->","yoast_head_json":{"title":"Informations club - AC Villemoisson","description":"cyclotourisme Essonne Villemoisson cyclisme v\u00e9lo route ACV91 profitez du v\u00e9lo en Essonne Seine et Marne et Yvelines","robots":{"index":"index","follow":"follow","max-snippet":"max-snippet:-1","max-image-preview":"max-image-preview:large","max-video-preview":"max-video-preview:-1"},"canonical":"https:\/\/ac-villemoisson.fr\/index.php\/infos-acv91\/","og_locale":"fr_FR","og_type":"article","og_title":"Informations club - AC Villemoisson","og_description":"cyclotourisme Essonne Villemoisson cyclisme v\u00e9lo route ACV91 profitez du v\u00e9lo en Essonne Seine et Marne et Yvelines","og_url":"https:\/\/ac-villemoisson.fr\/index.php\/infos-acv91\/","og_site_name":"AC Villemoisson","article_modified_time":"2024-08-01T13:18:28+00:00","og_image":[{"url":"http:\/\/ac-villemoisson.fr\/wp-content\/uploads\/2024\/06\/cropped-cropped-Maillot-1-Villemoisson.jpg","type":"","width":"","height":""}],"twitter_card":"summary_large_image","twitter_misc":{"Dur\u00e9e de lecture estim\u00e9e":"2 minutes"},"schema":{"@context":"https:\/\/schema.org","@graph":[{"@type":"WebPage","@id":"https:\/\/ac-villemoisson.fr\/index.php\/infos-acv91\/","url":"https:\/\/ac-villemoisson.fr\/index.php\/infos-acv91\/","name":"Informations club - AC Villemoisson","isPartOf":{"@id":"https:\/\/ac-villemoisson.fr\/#website"},"primaryImageOfPage":{"@id":"https:\/\/ac-villemoisson.fr\/index.php\/infos-acv91\/#primaryimage"},"image":{"@id":"https:\/\/ac-villemoisson.fr\/index.php\/infos-acv91\/#primaryimage"},"thumbnailUrl":"http:\/\/ac-villemoisson.fr\/wp-content\/uploads\/2024\/06\/cropped-cropped-Maillot-1-Villemoisson.jpg","datePublished":"2024-06-24T17:01:25+00:00","dateModified":"2024-08-01T13:18:28+00:00","description":"cyclotourisme Essonne Villemoisson cyclisme v\u00e9lo route ACV91 profitez du v\u00e9lo en Essonne Seine et Marne et Yvelines","breadcrumb":{"@id":"https:\/\/ac-villemoisson.fr\/index.php\/infos-acv91\/#breadcrumb"},"inLanguage":"fr-FR","potentialAction":[{"@type":"ReadAction","target":["https:\/\/ac-villemoisson.fr\/index.php\/infos-acv91\/"]}]},{"@type":"ImageObject","inLanguage":"fr-FR","@id":"https:\/\/ac-villemoisson.fr\/index.php\/infos-acv91\/#primaryimage","url":"http:\/\/ac-villemoisson.fr\/wp-content\/uploads\/2024\/06\/cropped-cropped-Maillot-1-Villemoisson.jpg","contentUrl":"http:\/\/ac-villemoisson.fr\/wp-content\/uploads\/2024\/06\/cropped-cropped-Maillot-1-Villemoisson.jpg"},{"@type":"BreadcrumbList","@id":"https:\/\/ac-villemoisson.fr\/index.php\/infos-acv91\/#breadcrumb","itemListElement":[{"@type":"ListItem","position":1,"name":"Accueil","item":"https:\/\/ac-villemoisson.fr\/"},{"@type":"ListItem","position":2,"name":"Informations club"}]},{"@type":"WebSite","@id":"https:\/\/ac-villemoisson.fr\/#website","url":"https:\/\/ac-villemoisson.fr\/","name":"AC Villemoisson","description":"Le cyclotourisme \u00e0 Villemoisson et dans la r\u00e9gion","publisher":{"@id":"https:\/\/ac-villemoisson.fr\/#organization"},"alternateName":"Villemoisson Cyclotourisme","potentialAction":[{"@type":"SearchAction","target":{"@type":"EntryPoint","urlTemplate":"https:\/\/ac-villemoisson.fr\/?s={search_term_string}"},"query-input":{"@type":"PropertyValueSpecification","valueRequired":true,"valueName":"search_term_string"}}],"inLanguage":"fr-FR"},{"@type":"Organization","@id":"https:\/\/ac-villemoisson.fr\/#organization","name":"AC Villemoisson","alternateName":"Villemoisson Cyclotourisme","url":"https:\/\/ac-villemoisson.fr\/","logo":{"@type":"ImageObject","inLanguage":"fr-FR","@id":"https:\/\/ac-villemoisson.fr\/#\/schema\/logo\/image\/","url":"http:\/\/ac-villemoisson.fr\/wp-content\/uploads\/2024\/06\/Maillot-1-Villemoisson-1.jpg","contentUrl":"http:\/\/ac-villemoisson.fr\/wp-content\/uploads\/2024\/06\/Maillot-1-Villemoisson-1.jpg","width":478,"height":436,"caption":"AC Villemoisson"},"image":{"@id":"https:\/\/ac-villemoisson.fr\/#\/schema\/logo\/image\/"}}]}},"uagb_featured_image_src":{"full":false,"thumbnail":false,"medium":false,"medium_large":false,"large":false,"1536x1536":false,"2048x2048":false},"uagb_author_info":{"display_name":"admin5415","author_link":"https:\/\/ac-villemoisson.fr\/index.php\/author\/admin5415\/"},"uagb_comment_info":0,"uagb_excerpt":"Bienvenue \u00e0 Amicale Cyclo de Villemoisson-sur-Orge (ACV91) , l&rsquo;association sportive d\u00e9di\u00e9e aux passionn\u00e9s de cyclotourisme de tous \u00e2ges et de tous niveaux ! Notre mission est de promouvoir la pratique [&hellip;]","_links":{"self":[{"href":"https:\/\/ac-villemoisson.fr\/index.php\/wp-json\/wp\/v2\/pages\/85","targetHints":{"allow":["GET"]}}],"collection":[{"href":"https:\/\/ac-villemoisson.fr\/index.php\/wp-json\/wp\/v2\/pages"}],"about":[{"href":"https:\/\/ac-villemoisson.fr\/index.php\/wp-json\/wp\/v2\/types\/page"}],"author":[{"embeddable":true,"href":"https:\/\/ac-villemoisson.fr\/index.php\/wp-json\/wp\/v2\/users\/1"}],"replies":[{"embeddable":true,"href":"https:\/\/ac-villemoisson.fr\/index.php\/wp-json\/wp\/v2\/comments?post=85"}],"version-history":[{"count":14,"href":"https:\/\/ac-villemoisson.fr\/index.php\/wp-json\/wp\/v2\/pages\/85\/revisions"}],"predecessor-version":[{"id":493,"href":"https:\/\/ac-villemoisson.fr\/index.php\/wp-json\/wp\/v2\/pages\/85\/revisions\/493"}],"wp:attachment":[{"href":"https:\/\/ac-villemoisson.fr\/index.php\/wp-json\/wp\/v2\/media?parent=85"}],"curies":[{"name":"wp","href":"https:\/\/api.w.org\/{rel}","templated":true}]}}